{"id":4433,"date":"2021-07-23T14:41:53","date_gmt":"2021-07-23T12:41:53","guid":{"rendered":"http:\/\/komprestor.pl\/?page_id=4433"},"modified":"2021-07-27T11:54:06","modified_gmt":"2021-07-27T09:54:06","slug":"dofinansowanie","status":"publish","type":"page","link":"https:\/\/komprestor.pl\/?page_id=4433","title":{"rendered":"Dofinansowanie"},"content":{"rendered":"\t\t<div data-elementor-type=\"wp-page\" data-elementor-id=\"4433\" class=\"elementor elementor-4433\" data-elementor-settings=\"[]\">\n\t\t\t\t\t\t<div class=\"elementor-inner\">\n\t\t\t\t\t\t\t<div class=\"elementor-section-wrap\">\n\t\t\t\t\t\t\t<section class=\"elementor-section elementor-top-section elementor-element elementor-element-0c641ff elementor-section-boxed elementor-section-height-default elementor-section-height-default\" data-id=\"0c641ff\" data-element_type=\"section\">\n\t\t\t\t\t\t<div class=\"elementor-container elementor-column-gap-default\">\n\t\t\t\t\t\t\t<div class=\"elementor-row\">\n\t\t\t\t\t<div class=\"elementor-column elementor-col-100 elementor-top-column elementor-element elementor-element-d5769c2\" data-id=\"d5769c2\" data-element_type=\"column\">\n\t\t\t<div class=\"elementor-column-wrap elementor-element-populated\">\n\t\t\t\t\t\t\t<div class=\"elementor-widget-wrap\">\n\t\t\t\t\t\t<div class=\"elementor-element elementor-element-8783db3 elementor-widget elementor-widget-image\" data-id=\"8783db3\" data-element_type=\"widget\" data-widget_type=\"image.default\">\n\t\t\t\t<div class=\"elementor-widget-container\">\n\t\t\t\t\t<div class=\"elementor-image\">\n\t\t\t\t\t\t\t\t\t\t<img width=\"1024\" height=\"108\" src=\"https:\/\/komprestor.pl\/wp-content\/uploads\/2021\/07\/ue_progr_baner-1024x108.jpg\" class=\"attachment-large size-large\" alt=\"\" loading=\"lazy\" srcset=\"https:\/\/komprestor.pl\/wp-content\/uploads\/2021\/07\/ue_progr_baner-1024x108.jpg 1024w, https:\/\/komprestor.pl\/wp-content\/uploads\/2021\/07\/ue_progr_baner-300x32.jpg 300w, https:\/\/komprestor.pl\/wp-content\/uploads\/2021\/07\/ue_progr_baner-768x81.jpg 768w, https:\/\/komprestor.pl\/wp-content\/uploads\/2021\/07\/ue_progr_baner-1536x162.jpg 1536w, https:\/\/komprestor.pl\/wp-content\/uploads\/2021\/07\/ue_progr_baner-2048x217.jpg 2048w, https:\/\/komprestor.pl\/wp-content\/uploads\/2021\/07\/ue_progr_baner-600x63.jpg 600w\" sizes=\"(max-width: 1024px) 100vw, 1024px\" \/>\t\t\t\t\t\t\t\t\t\t\t<\/div>\n\t\t\t\t<\/div>\n\t\t\t\t<\/div>\n\t\t\t\t\t\t<\/div>\n\t\t\t\t\t<\/div>\n\t\t<\/div>\n\t\t\t\t\t\t\t\t<\/div>\n\t\t\t\t\t<\/div>\n\t\t<\/section>\n\t\t\t\t<section class=\"elementor-section elementor-top-section elementor-element elementor-element-6c74d82d elementor-section-boxed elementor-section-height-default elementor-section-height-default\" data-id=\"6c74d82d\" data-element_type=\"section\">\n\t\t\t\t\t\t<div class=\"elementor-container elementor-column-gap-default\">\n\t\t\t\t\t\t\t<div class=\"elementor-row\">\n\t\t\t\t\t<div class=\"elementor-column elementor-col-100 elementor-top-column elementor-element elementor-element-6974ca47\" data-id=\"6974ca47\" data-element_type=\"column\">\n\t\t\t<div class=\"elementor-column-wrap elementor-element-populated\">\n\t\t\t\t\t\t\t<div class=\"elementor-widget-wrap\">\n\t\t\t\t\t\t<div class=\"elementor-element elementor-element-7ddbc3cf elementor-widget elementor-widget-text-editor\" data-id=\"7ddbc3cf\" data-element_type=\"widget\" data-widget_type=\"text-editor.default\">\n\t\t\t\t<div class=\"elementor-widget-container\">\n\t\t\t\t\t<div class=\"elementor-text-editor elementor-clearfix\"><p><!-- wp:heading --><\/p>\n<h2><strong>p.h.u. Komprestor-bis<br><\/strong><strong>Jolanta W\u0142ottkowska<\/strong><\/h2>\n<p><!-- \/wp:heading --><\/p>\n<p><!-- wp:paragraph --><\/p>\n<p>realizuje projekt dofinansowany<\/p>\n<p><!-- \/wp:paragraph --><\/p>\n<p><!-- wp:heading --><\/p>\n<h2>z Funduszy Europejskich<br>FUNDUSZ WSPARCIA INWESTYCYJNEGO<\/h2>\n<p><!-- \/wp:heading --><\/p>\n<p><!-- wp:paragraph --><\/p>\n<p><strong>Celem projektu jest:<\/strong><\/p>\n<p><!-- \/wp:paragraph --><\/p>\n<p><!-- wp:paragraph --><\/p>\n<p>Wsparcie przedsi\u0119biorc\u00f3w na dywersyfikacj\u0119 dzia\u0142alno\u015bci przez&nbsp; wprowadzenie nowej metody produkt\u00f3w\/us\u0142ug lub&nbsp; wprowadzenie nowej metody produkcji\/\u015bwiadczenia us\u0142ug dla przedsi\u0119biorc\u00f3w dotkni\u0119tych skutkami Covid-19.<\/p>\n<p><!-- \/wp:paragraph --><\/p>\n<p><!-- wp:heading --><\/p>\n<h2>Dofinansowanie projektu z UE: 11 587,50 PLN<\/h2>\n<p><!-- \/wp:heading --><\/p><\/div>\n\t\t\t\t<\/div>\n\t\t\t\t<\/div>\n\t\t\t\t\t\t<\/div>\n\t\t\t\t\t<\/div>\n\t\t<\/div>\n\t\t\t\t\t\t\t\t<\/div>\n\t\t\t\t\t<\/div>\n\t\t<\/section>\n\t\t\t\t\t\t<\/div>\n\t\t\t\t\t\t<\/div>\n\t\t\t\t\t<\/div>\n\t\t","protected":false},"excerpt":{"rendered":"<p>p.h.u. Komprestor-bisJolanta W\u0142ottkowska realizuje projekt dofinansowany z Funduszy EuropejskichFUNDUSZ WSPARCIA INWESTYCYJNEGO Celem projektu jest: Wsparcie przedsi\u0119biorc\u00f3w na dywersyfikacj\u0119 dzia\u0142alno\u015bci przez&nbsp; wprowadzenie nowej metody produkt\u00f3w\/us\u0142ug lub&nbsp; wprowadzenie nowej metody produkcji\/\u015bwiadczenia us\u0142ug dla przedsi\u0119biorc\u00f3w dotkni\u0119tych skutkami Covid-19. Dofinansowanie projektu z UE: 11 587,50 PLN<\/p>\n","protected":false},"author":1,"featured_media":0,"parent":0,"menu_order":0,"comment_status":"closed","ping_status":"closed","template":"","meta":[],"_links":{"self":[{"href":"https:\/\/komprestor.pl\/index.php?rest_route=\/wp\/v2\/pages\/4433"}],"collection":[{"href":"https:\/\/komprestor.pl\/index.php?rest_route=\/wp\/v2\/pages"}],"about":[{"href":"https:\/\/komprestor.pl\/index.php?rest_route=\/wp\/v2\/types\/page"}],"author":[{"embeddable":true,"href":"https:\/\/komprestor.pl\/index.php?rest_route=\/wp\/v2\/users\/1"}],"replies":[{"embeddable":true,"href":"https:\/\/komprestor.pl\/index.php?rest_route=%2Fwp%2Fv2%2Fcomments&post=4433"}],"version-history":[{"count":10,"href":"https:\/\/komprestor.pl\/index.php?rest_route=\/wp\/v2\/pages\/4433\/revisions"}],"predecessor-version":[{"id":4518,"href":"https:\/\/komprestor.pl\/index.php?rest_route=\/wp\/v2\/pages\/4433\/revisions\/4518"}],"wp:attachment":[{"href":"https:\/\/komprestor.pl\/index.php?rest_route=%2Fwp%2Fv2%2Fmedia&parent=4433"}],"curies":[{"name":"wp","href":"https:\/\/api.w.org\/{rel}","templated":true}]}}