{"id":2959,"date":"2020-12-11T14:11:04","date_gmt":"2020-12-11T13:11:04","guid":{"rendered":"http:\/\/entro.pl\/wordpress_008\/?page_id=2959"},"modified":"2020-12-14T21:31:14","modified_gmt":"2020-12-14T20:31:14","slug":"seria-rma-8-15-kw","status":"publish","type":"page","link":"https:\/\/komprestor.pl\/?page_id=2959","title":{"rendered":"Seria RMA 8 -15 kW"},"content":{"rendered":"\t\t<div data-elementor-type=\"wp-page\" data-elementor-id=\"2959\" class=\"elementor elementor-2959\" data-elementor-settings=\"[]\">\n\t\t\t\t\t\t<div class=\"elementor-inner\">\n\t\t\t\t\t\t\t<div class=\"elementor-section-wrap\">\n\t\t\t\t\t\t\t<section class=\"elementor-section elementor-top-section elementor-element elementor-element-d390764 elementor-section-boxed elementor-section-height-default elementor-section-height-default\" data-id=\"d390764\" data-element_type=\"section\">\n\t\t\t\t\t\t<div class=\"elementor-container elementor-column-gap-default\">\n\t\t\t\t\t\t\t<div class=\"elementor-row\">\n\t\t\t\t\t<div class=\"elementor-column elementor-col-100 elementor-top-column elementor-element elementor-element-c9db5e0\" data-id=\"c9db5e0\" data-element_type=\"column\">\n\t\t\t<div class=\"elementor-column-wrap elementor-element-populated\">\n\t\t\t\t\t\t\t<div class=\"elementor-widget-wrap\">\n\t\t\t\t\t\t<div class=\"elementor-element elementor-element-12836b8 elementor-widget elementor-widget-image\" data-id=\"12836b8\" data-element_type=\"widget\" data-widget_type=\"image.default\">\n\t\t\t\t<div class=\"elementor-widget-container\">\n\t\t\t\t\t<div class=\"elementor-image\">\n\t\t\t\t\t\t\t\t\t\t<img width=\"349\" height=\"46\" src=\"https:\/\/komprestor.pl\/wp-content\/uploads\/2020\/12\/Logo-Mark.jpg\" class=\"attachment-large size-large\" alt=\"\" loading=\"lazy\" srcset=\"https:\/\/komprestor.pl\/wp-content\/uploads\/2020\/12\/Logo-Mark.jpg 349w, https:\/\/komprestor.pl\/wp-content\/uploads\/2020\/12\/Logo-Mark-300x40.jpg 300w\" sizes=\"(max-width: 349px) 100vw, 349px\" \/>\t\t\t\t\t\t\t\t\t\t\t<\/div>\n\t\t\t\t<\/div>\n\t\t\t\t<\/div>\n\t\t\t\t\t\t<\/div>\n\t\t\t\t\t<\/div>\n\t\t<\/div>\n\t\t\t\t\t\t\t\t<\/div>\n\t\t\t\t\t<\/div>\n\t\t<\/section>\n\t\t\t\t<section class=\"elementor-section elementor-top-section elementor-element elementor-element-ff17679 elementor-section-boxed elementor-section-height-default elementor-section-height-default\" data-id=\"ff17679\" data-element_type=\"section\">\n\t\t\t\t\t\t<div class=\"elementor-container elementor-column-gap-default\">\n\t\t\t\t\t\t\t<div class=\"elementor-row\">\n\t\t\t\t\t<div class=\"elementor-column elementor-col-100 elementor-top-column elementor-element elementor-element-e673b45\" data-id=\"e673b45\" data-element_type=\"column\">\n\t\t\t<div class=\"elementor-column-wrap elementor-element-populated\">\n\t\t\t\t\t\t\t<div class=\"elementor-widget-wrap\">\n\t\t\t\t\t\t<div class=\"elementor-element elementor-element-a60826e elementor-widget elementor-widget-spacer\" data-id=\"a60826e\" data-element_type=\"widget\" data-widget_type=\"spacer.default\">\n\t\t\t\t<div class=\"elementor-widget-container\">\n\t\t\t\t\t<div class=\"elementor-spacer\">\n\t\t\t<div class=\"elementor-spacer-inner\"><\/div>\n\t\t<\/div>\n\t\t\t\t<\/div>\n\t\t\t\t<\/div>\n\t\t\t\t\t\t<\/div>\n\t\t\t\t\t<\/div>\n\t\t<\/div>\n\t\t\t\t\t\t\t\t<\/div>\n\t\t\t\t\t<\/div>\n\t\t<\/section>\n\t\t\t\t<section class=\"elementor-section elementor-top-section elementor-element elementor-element-e6ba891 elementor-section-boxed elementor-section-height-default elementor-section-height-default\" data-id=\"e6ba891\" data-element_type=\"section\">\n\t\t\t\t\t\t<div class=\"elementor-container elementor-column-gap-default\">\n\t\t\t\t\t\t\t<div class=\"elementor-row\">\n\t\t\t\t\t<div class=\"elementor-column elementor-col-50 elementor-top-column elementor-element elementor-element-19384cb\" data-id=\"19384cb\" data-element_type=\"column\">\n\t\t\t<div class=\"elementor-column-wrap elementor-element-populated\">\n\t\t\t\t\t\t\t<div class=\"elementor-widget-wrap\">\n\t\t\t\t\t\t<div class=\"elementor-element elementor-element-f68be2e elementor-align-left elementor-widget elementor-widget-button\" data-id=\"f68be2e\" data-element_type=\"widget\" data-widget_type=\"button.default\">\n\t\t\t\t<div class=\"elementor-widget-container\">\n\t\t\t\t\t<div class=\"elementor-button-wrapper\">\n\t\t\t<a href=\"http:\/\/komprestor.pl\/?attachment_id=3604\" class=\"elementor-button-link elementor-button elementor-size-xs\" role=\"button\">\n\t\t\t\t\t\t<span class=\"elementor-button-content-wrapper\">\n\t\t\t\t\t\t<span class=\"elementor-button-icon elementor-align-icon-right\">\n\t\t\t\t<i aria-hidden=\"true\" class=\"far fa-hand-lizard\"><\/i>\t\t\t<\/span>\n\t\t\t\t\t\t<span class=\"elementor-button-text\">Pobierz katalog RMA<\/span>\n\t\t<\/span>\n\t\t\t\t\t<\/a>\n\t\t<\/div>\n\t\t\t\t<\/div>\n\t\t\t\t<\/div>\n\t\t\t\t\t\t<\/div>\n\t\t\t\t\t<\/div>\n\t\t<\/div>\n\t\t\t\t<div class=\"elementor-column elementor-col-50 elementor-top-column elementor-element elementor-element-7390a27\" data-id=\"7390a27\" data-element_type=\"column\">\n\t\t\t<div class=\"elementor-column-wrap elementor-element-populated\">\n\t\t\t\t\t\t\t<div class=\"elementor-widget-wrap\">\n\t\t\t\t\t\t<div class=\"elementor-element elementor-element-094b35f elementor-align-right elementor-widget elementor-widget-button\" data-id=\"094b35f\" data-element_type=\"widget\" data-widget_type=\"button.default\">\n\t\t\t\t<div class=\"elementor-widget-container\">\n\t\t\t\t\t<div class=\"elementor-button-wrapper\">\n\t\t\t<a href=\"http:\/\/komprestor.pl\/?page_id=2130\" class=\"elementor-button-link elementor-button elementor-size-xs\" role=\"button\">\n\t\t\t\t\t\t<span class=\"elementor-button-content-wrapper\">\n\t\t\t\t\t\t<span class=\"elementor-button-icon elementor-align-icon-right\">\n\t\t\t\t<i aria-hidden=\"true\" class=\"far fa-share-square\"><\/i>\t\t\t<\/span>\n\t\t\t\t\t\t<span class=\"elementor-button-text\">Zapytaj o produkt<\/span>\n\t\t<\/span>\n\t\t\t\t\t<\/a>\n\t\t<\/div>\n\t\t\t\t<\/div>\n\t\t\t\t<\/div>\n\t\t\t\t\t\t<\/div>\n\t\t\t\t\t<\/div>\n\t\t<\/div>\n\t\t\t\t\t\t\t\t<\/div>\n\t\t\t\t\t<\/div>\n\t\t<\/section>\n\t\t\t\t<section class=\"elementor-section elementor-top-section elementor-element elementor-element-48845dfc elementor-section-boxed elementor-section-height-default elementor-section-height-default\" data-id=\"48845dfc\" data-element_type=\"section\">\n\t\t\t\t\t\t<div class=\"elementor-container elementor-column-gap-default\">\n\t\t\t\t\t\t\t<div class=\"elementor-row\">\n\t\t\t\t\t<div class=\"elementor-column elementor-col-100 elementor-top-column elementor-element elementor-element-8c1ba67\" data-id=\"8c1ba67\" data-element_type=\"column\">\n\t\t\t<div class=\"elementor-column-wrap elementor-element-populated\">\n\t\t\t\t\t\t\t<div class=\"elementor-widget-wrap\">\n\t\t\t\t\t\t<div class=\"elementor-element elementor-element-2b639217 elementor-widget elementor-widget-text-editor\" data-id=\"2b639217\" data-element_type=\"widget\" data-widget_type=\"text-editor.default\">\n\t\t\t\t<div class=\"elementor-widget-container\">\n\t\t\t\t\t<div class=\"elementor-text-editor elementor-clearfix\"><!-- wp:heading -->\n<h2><\/h2>\n<!-- \/wp:heading --><\/div>\n\t\t\t\t<\/div>\n\t\t\t\t<\/div>\n\t\t\t\t\t\t<\/div>\n\t\t\t\t\t<\/div>\n\t\t<\/div>\n\t\t\t\t\t\t\t\t<\/div>\n\t\t\t\t\t<\/div>\n\t\t<\/section>\n\t\t\t\t<section class=\"elementor-section elementor-top-section elementor-element elementor-element-398253f elementor-section-boxed elementor-section-height-default elementor-section-height-default\" data-id=\"398253f\" data-element_type=\"section\">\n\t\t\t\t\t\t<div class=\"elementor-container elementor-column-gap-default\">\n\t\t\t\t\t\t\t<div class=\"elementor-row\">\n\t\t\t\t\t<div class=\"elementor-column elementor-col-100 elementor-top-column elementor-element elementor-element-f7dc0c9\" data-id=\"f7dc0c9\" data-element_type=\"column\">\n\t\t\t<div class=\"elementor-column-wrap elementor-element-populated\">\n\t\t\t\t\t\t\t<div class=\"elementor-widget-wrap\">\n\t\t\t\t\t\t<div class=\"elementor-element elementor-element-4531746 elementor-position-left elementor-vertical-align-top elementor-widget elementor-widget-image-box\" data-id=\"4531746\" data-element_type=\"widget\" data-widget_type=\"image-box.default\">\n\t\t\t\t<div class=\"elementor-widget-container\">\n\t\t\t<div class=\"elementor-image-box-wrapper\"><figure class=\"elementor-image-box-img\"><img width=\"1205\" height=\"766\" src=\"https:\/\/komprestor.pl\/wp-content\/uploads\/2020\/12\/IVR-wykres.jpg\" class=\"attachment-full size-full\" alt=\"\" loading=\"lazy\" srcset=\"https:\/\/komprestor.pl\/wp-content\/uploads\/2020\/12\/IVR-wykres.jpg 1205w, https:\/\/komprestor.pl\/wp-content\/uploads\/2020\/12\/IVR-wykres-300x191.jpg 300w, https:\/\/komprestor.pl\/wp-content\/uploads\/2020\/12\/IVR-wykres-1024x651.jpg 1024w, https:\/\/komprestor.pl\/wp-content\/uploads\/2020\/12\/IVR-wykres-768x488.jpg 768w, https:\/\/komprestor.pl\/wp-content\/uploads\/2020\/12\/IVR-wykres-600x381.jpg 600w\" sizes=\"(max-width: 1205px) 100vw, 1205px\" \/><\/figure><div class=\"elementor-image-box-content\"><h2 class=\"elementor-image-box-title\">Ogromne oszcz\u0119dno\u015bci dzi\u0119ki spr\u0119\u017carkom zmiennoobrotowym<\/h2><p class=\"elementor-image-box-description\">Zasada pracy spr\u0119\u017carki IVR W wi\u0119kszo\u015bci instalacji wyst\u0119puje zmienne zapotrzebowanie na spr\u0119\u017cone powietrze. Spr\u0119\u017carka IVR zmienia pr\u0119dko\u015b\u0107 obrotow\u0105 stopnia \u015brubowego dopasowuj\u0105c wydajno\u015b\u0107 spr\u0119\u017carki do aktualnego zapotrzebowania na spr\u0119\u017cone powietrze. Oznacza to eliminacj\u0119 strat energii zwi\u0105zanej z biegiem ja\u0142owym jaki wyst\u0119puje w spr\u0119\u017carkach z tradycyjn\u0105 regulacj\u0105 wydajno\u015bci. Oszcz\u0119dno\u015bci koszt\u00f3w uzyskiwanych w ten spos\u00f3b s\u0105 ogromne.<\/p><\/div><\/div>\t\t<\/div>\n\t\t\t\t<\/div>\n\t\t\t\t\t\t<\/div>\n\t\t\t\t\t<\/div>\n\t\t<\/div>\n\t\t\t\t\t\t\t\t<\/div>\n\t\t\t\t\t<\/div>\n\t\t<\/section>\n\t\t\t\t<section class=\"elementor-section elementor-top-section elementor-element elementor-element-dda1d05 elementor-section-boxed elementor-section-height-default elementor-section-height-default\" data-id=\"dda1d05\" data-element_type=\"section\">\n\t\t\t\t\t\t<div class=\"elementor-container elementor-column-gap-default\">\n\t\t\t\t\t\t\t<div class=\"elementor-row\">\n\t\t\t\t\t<div class=\"elementor-column elementor-col-50 elementor-top-column elementor-element elementor-element-c2d10a9\" data-id=\"c2d10a9\" data-element_type=\"column\">\n\t\t\t<div class=\"elementor-column-wrap elementor-element-populated\">\n\t\t\t\t\t\t\t<div class=\"elementor-widget-wrap\">\n\t\t\t\t\t\t<div class=\"elementor-element elementor-element-2caabf5 elementor-widget elementor-widget-text-editor\" data-id=\"2caabf5\" data-element_type=\"widget\" data-widget_type=\"text-editor.default\">\n\t\t\t\t<div class=\"elementor-widget-container\">\n\t\t\t\t\t<div class=\"elementor-text-editor elementor-clearfix\"><p><strong>Korzy\u015bci ze spr\u0119\u017carki RMA IVR:<\/strong><\/p>\n<p>\u00a0&#8211; Bezpieczna i prosta eksploatacja<\/p>\n<p>&#8211; Kompatybilno\u015b\u0107 elektromagnetyczna EMC eliminuje ryzyko zak\u0142\u00f3ce\u0144 sieci elektrycznej zak\u0142adu<\/p>\n<p>\u00a0&#8211; Sterownik ES 4000: odpowiedzialny za sterowanie inwerterem cz\u0119stotliwo\u015bci<\/p>\n<p>&#8211; Mata filtracyjna: chroni szafk\u0119 inwertera przed zanieczyszczeniem i zapewnia jego w\u0142a\u015bciwe ch\u0142odzenie<\/p>\n<p>&#8211; Standardowe komponenty: prosta obs\u0142uga serwisowa.<\/p><\/div>\n\t\t\t\t<\/div>\n\t\t\t\t<\/div>\n\t\t\t\t\t\t<\/div>\n\t\t\t\t\t<\/div>\n\t\t<\/div>\n\t\t\t\t<div class=\"elementor-column elementor-col-50 elementor-top-column elementor-element elementor-element-4b3dbed\" data-id=\"4b3dbed\" data-element_type=\"column\">\n\t\t\t<div class=\"elementor-column-wrap elementor-element-populated\">\n\t\t\t\t\t\t\t<div class=\"elementor-widget-wrap\">\n\t\t\t\t\t\t<div class=\"elementor-element elementor-element-e0dd937 elementor-position-right elementor-vertical-align-top elementor-widget elementor-widget-image-box\" data-id=\"e0dd937\" data-element_type=\"widget\" data-widget_type=\"image-box.default\">\n\t\t\t\t<div class=\"elementor-widget-container\">\n\t\t\t<div class=\"elementor-image-box-wrapper\"><figure class=\"elementor-image-box-img\"><img width=\"558\" height=\"646\" src=\"https:\/\/komprestor.pl\/wp-content\/uploads\/2020\/12\/RMA-2.jpg\" class=\"attachment-medium_large size-medium_large\" alt=\"\" loading=\"lazy\" srcset=\"https:\/\/komprestor.pl\/wp-content\/uploads\/2020\/12\/RMA-2.jpg 558w, https:\/\/komprestor.pl\/wp-content\/uploads\/2020\/12\/RMA-2-259x300.jpg 259w\" sizes=\"(max-width: 558px) 100vw, 558px\" \/><\/figure><\/div>\t\t<\/div>\n\t\t\t\t<\/div>\n\t\t\t\t\t\t<\/div>\n\t\t\t\t\t<\/div>\n\t\t<\/div>\n\t\t\t\t\t\t\t\t<\/div>\n\t\t\t\t\t<\/div>\n\t\t<\/section>\n\t\t\t\t<section class=\"elementor-section elementor-top-section elementor-element elementor-element-d7f8f90 elementor-section-boxed elementor-section-height-default elementor-section-height-default\" data-id=\"d7f8f90\" data-element_type=\"section\">\n\t\t\t\t\t\t<div class=\"elementor-container elementor-column-gap-default\">\n\t\t\t\t\t\t\t<div class=\"elementor-row\">\n\t\t\t\t\t<div class=\"elementor-column elementor-col-100 elementor-top-column elementor-element elementor-element-5ced999\" data-id=\"5ced999\" data-element_type=\"column\">\n\t\t\t<div class=\"elementor-column-wrap elementor-element-populated\">\n\t\t\t\t\t\t\t<div class=\"elementor-widget-wrap\">\n\t\t\t\t\t\t<div class=\"elementor-element elementor-element-34002c5 elementor-position-left elementor-vertical-align-top elementor-widget elementor-widget-image-box\" data-id=\"34002c5\" data-element_type=\"widget\" data-widget_type=\"image-box.default\">\n\t\t\t\t<div class=\"elementor-widget-container\">\n\t\t\t<div class=\"elementor-image-box-wrapper\"><figure class=\"elementor-image-box-img\"><img width=\"1520\" height=\"1228\" src=\"https:\/\/komprestor.pl\/wp-content\/uploads\/2020\/12\/IVR-oszczednosci.jpg\" class=\"attachment-full size-full\" alt=\"\" loading=\"lazy\" srcset=\"https:\/\/komprestor.pl\/wp-content\/uploads\/2020\/12\/IVR-oszczednosci.jpg 1520w, https:\/\/komprestor.pl\/wp-content\/uploads\/2020\/12\/IVR-oszczednosci-300x242.jpg 300w, https:\/\/komprestor.pl\/wp-content\/uploads\/2020\/12\/IVR-oszczednosci-1024x827.jpg 1024w, https:\/\/komprestor.pl\/wp-content\/uploads\/2020\/12\/IVR-oszczednosci-768x620.jpg 768w, https:\/\/komprestor.pl\/wp-content\/uploads\/2020\/12\/IVR-oszczednosci-600x485.jpg 600w\" sizes=\"(max-width: 1520px) 100vw, 1520px\" \/><\/figure><div class=\"elementor-image-box-content\"><h2 class=\"elementor-image-box-title\">Oszcz\u0119dno\u015b\u0107 Energii <\/h2><p class=\"elementor-image-box-description\">-P\u0142ynny rozruch: wyd\u0142u\u017ca \u017cywotno\u015b\u0107 silnika elektrycznego i eliminuje uderzenia pr\u0105dowe w sieci elektrycznej wyst\u0119puj\u0105ce przy tradycyjnym rozruchu silnika. \n-Silnik elektryczny klasy EFF1: renomowany dostawca silnik\u00f3w o wysokiej sprawno\u015bci energetycznej. Regulacja pracy silnika pomi\u0119dzy minimalnym i maksymalnym poziomem obrot\u00f3w zapewnia uzyskanie najwi\u0119kszych oszcz\u0119dno\u015bci. \n-Idealnie sta\u0142e ci\u015bnienie: eliminacja waha\u0144 ci\u015bnienia od poziomu doci\u0105\u017cenia do odci\u0105\u017cenia. Obni\u017cenie ci\u015bnienia o 1 bar oznacza redukcj\u0119 poboru mocy o 7%. Brak strat energii przy pracy na biegu ja\u0142owym.\n<\/p><\/div><\/div>\t\t<\/div>\n\t\t\t\t<\/div>\n\t\t\t\t\t\t<\/div>\n\t\t\t\t\t<\/div>\n\t\t<\/div>\n\t\t\t\t\t\t\t\t<\/div>\n\t\t\t\t\t<\/div>\n\t\t<\/section>\n\t\t\t\t<section class=\"elementor-section elementor-top-section elementor-element elementor-element-7acf72c elementor-section-boxed elementor-section-height-default elementor-section-height-default\" data-id=\"7acf72c\" data-element_type=\"section\">\n\t\t\t\t\t\t<div class=\"elementor-container elementor-column-gap-default\">\n\t\t\t\t\t\t\t<div class=\"elementor-row\">\n\t\t\t\t\t<div class=\"elementor-column elementor-col-100 elementor-top-column elementor-element elementor-element-2195ad9\" data-id=\"2195ad9\" data-element_type=\"column\">\n\t\t\t<div class=\"elementor-column-wrap elementor-element-populated\">\n\t\t\t\t\t\t\t<div class=\"elementor-widget-wrap\">\n\t\t\t\t\t\t<div class=\"elementor-element elementor-element-3331550 elementor-widget elementor-widget-image\" data-id=\"3331550\" data-element_type=\"widget\" data-widget_type=\"image.default\">\n\t\t\t\t<div class=\"elementor-widget-container\">\n\t\t\t\t\t<div class=\"elementor-image\">\n\t\t\t\t\t\t\t\t\t\t<img width=\"739\" height=\"1024\" src=\"https:\/\/komprestor.pl\/wp-content\/uploads\/2020\/12\/RMA-3-739x1024.jpg\" class=\"attachment-large size-large\" alt=\"\" loading=\"lazy\" srcset=\"https:\/\/komprestor.pl\/wp-content\/uploads\/2020\/12\/RMA-3-739x1024.jpg 739w, https:\/\/komprestor.pl\/wp-content\/uploads\/2020\/12\/RMA-3-216x300.jpg 216w, https:\/\/komprestor.pl\/wp-content\/uploads\/2020\/12\/RMA-3-768x1065.jpg 768w, https:\/\/komprestor.pl\/wp-content\/uploads\/2020\/12\/RMA-3-1108x1536.jpg 1108w, https:\/\/komprestor.pl\/wp-content\/uploads\/2020\/12\/RMA-3-1477x2048.jpg 1477w, https:\/\/komprestor.pl\/wp-content\/uploads\/2020\/12\/RMA-3-600x832.jpg 600w, https:\/\/komprestor.pl\/wp-content\/uploads\/2020\/12\/RMA-3-scaled.jpg 1846w\" sizes=\"(max-width: 739px) 100vw, 739px\" \/>\t\t\t\t\t\t\t\t\t\t\t<\/div>\n\t\t\t\t<\/div>\n\t\t\t\t<\/div>\n\t\t\t\t\t\t<\/div>\n\t\t\t\t\t<\/div>\n\t\t<\/div>\n\t\t\t\t\t\t\t\t<\/div>\n\t\t\t\t\t<\/div>\n\t\t<\/section>\n\t\t\t\t<section class=\"elementor-section elementor-top-section elementor-element elementor-element-e2ecc8f elementor-section-boxed elementor-section-height-default elementor-section-height-default\" data-id=\"e2ecc8f\" data-element_type=\"section\">\n\t\t\t\t\t\t<div class=\"elementor-container elementor-column-gap-default\">\n\t\t\t\t\t\t\t<div class=\"elementor-row\">\n\t\t\t\t\t<div class=\"elementor-column elementor-col-100 elementor-top-column elementor-element elementor-element-eb827d8\" data-id=\"eb827d8\" data-element_type=\"column\">\n\t\t\t<div class=\"elementor-column-wrap elementor-element-populated\">\n\t\t\t\t\t\t\t<div class=\"elementor-widget-wrap\">\n\t\t\t\t\t\t<div class=\"elementor-element elementor-element-86b1e34 elementor-widget elementor-widget-image\" data-id=\"86b1e34\" data-element_type=\"widget\" data-widget_type=\"image.default\">\n\t\t\t\t<div class=\"elementor-widget-container\">\n\t\t\t\t\t<div class=\"elementor-image\">\n\t\t\t\t\t\t\t\t\t\t<img width=\"730\" height=\"1024\" src=\"https:\/\/komprestor.pl\/wp-content\/uploads\/2020\/12\/RMA-dane-730x1024.jpg\" class=\"attachment-large size-large\" alt=\"\" loading=\"lazy\" srcset=\"https:\/\/komprestor.pl\/wp-content\/uploads\/2020\/12\/RMA-dane-730x1024.jpg 730w, https:\/\/komprestor.pl\/wp-content\/uploads\/2020\/12\/RMA-dane-214x300.jpg 214w, https:\/\/komprestor.pl\/wp-content\/uploads\/2020\/12\/RMA-dane-768x1078.jpg 768w, https:\/\/komprestor.pl\/wp-content\/uploads\/2020\/12\/RMA-dane-1094x1536.jpg 1094w, https:\/\/komprestor.pl\/wp-content\/uploads\/2020\/12\/RMA-dane-1459x2048.jpg 1459w, https:\/\/komprestor.pl\/wp-content\/uploads\/2020\/12\/RMA-dane-600x842.jpg 600w, https:\/\/komprestor.pl\/wp-content\/uploads\/2020\/12\/RMA-dane-scaled.jpg 1824w\" sizes=\"(max-width: 730px) 100vw, 730px\" \/>\t\t\t\t\t\t\t\t\t\t\t<\/div>\n\t\t\t\t<\/div>\n\t\t\t\t<\/div>\n\t\t\t\t\t\t<\/div>\n\t\t\t\t\t<\/div>\n\t\t<\/div>\n\t\t\t\t\t\t\t\t<\/div>\n\t\t\t\t\t<\/div>\n\t\t<\/section>\n\t\t\t\t\t\t<\/div>\n\t\t\t\t\t\t<\/div>\n\t\t\t\t\t<\/div>\n\t\t","protected":false},"excerpt":{"rendered":"<p>Pobierz katalog RMA Zapytaj o produkt Ogromne oszcz\u0119dno\u015bci dzi\u0119ki spr\u0119\u017carkom zmiennoobrotowym Zasada pracy spr\u0119\u017carki IVR W wi\u0119kszo\u015bci instalacji wyst\u0119puje zmienne zapotrzebowanie na spr\u0119\u017cone powietrze. Spr\u0119\u017carka IVR zmienia pr\u0119dko\u015b\u0107 obrotow\u0105 stopnia \u015brubowego dopasowuj\u0105c wydajno\u015b\u0107 spr\u0119\u017carki do aktualnego zapotrzebowania na spr\u0119\u017cone powietrze. Oznacza to eliminacj\u0119 strat energii zwi\u0105zanej z biegiem ja\u0142owym jaki wyst\u0119puje w spr\u0119\u017carkach z tradycyjn\u0105 [&hellip;]<\/p>\n","protected":false},"author":3,"featured_media":0,"parent":0,"menu_order":0,"comment_status":"closed","ping_status":"closed","template":"","meta":[],"_links":{"self":[{"href":"https:\/\/komprestor.pl\/index.php?rest_route=\/wp\/v2\/pages\/2959"}],"collection":[{"href":"https:\/\/komprestor.pl\/index.php?rest_route=\/wp\/v2\/pages"}],"about":[{"href":"https:\/\/komprestor.pl\/index.php?rest_route=\/wp\/v2\/types\/page"}],"author":[{"embeddable":true,"href":"https:\/\/komprestor.pl\/index.php?rest_route=\/wp\/v2\/users\/3"}],"replies":[{"embeddable":true,"href":"https:\/\/komprestor.pl\/index.php?rest_route=%2Fwp%2Fv2%2Fcomments&post=2959"}],"version-history":[{"count":107,"href":"https:\/\/komprestor.pl\/index.php?rest_route=\/wp\/v2\/pages\/2959\/revisions"}],"predecessor-version":[{"id":3638,"href":"https:\/\/komprestor.pl\/index.php?rest_route=\/wp\/v2\/pages\/2959\/revisions\/3638"}],"wp:attachment":[{"href":"https:\/\/komprestor.pl\/index.php?rest_route=%2Fwp%2Fv2%2Fmedia&parent=2959"}],"curies":[{"name":"wp","href":"https:\/\/api.w.org\/{rel}","templated":true}]}}