{"id":2496,"date":"2020-12-02T07:35:34","date_gmt":"2020-12-02T06:35:34","guid":{"rendered":"http:\/\/entro.pl\/wordpress_008\/?page_id=2496"},"modified":"2020-12-18T01:43:10","modified_gmt":"2020-12-18T00:43:10","slug":"osuszacze-adsorpcyjne","status":"publish","type":"page","link":"https:\/\/komprestor.pl\/?page_id=2496","title":{"rendered":"OSUSZACZE ADSORPCYJNE"},"content":{"rendered":"\t\t<div data-elementor-type=\"wp-page\" data-elementor-id=\"2496\" class=\"elementor elementor-2496\" data-elementor-settings=\"[]\">\n\t\t\t\t\t\t<div class=\"elementor-inner\">\n\t\t\t\t\t\t\t<div class=\"elementor-section-wrap\">\n\t\t\t\t\t\t\t<section class=\"elementor-section elementor-top-section elementor-element elementor-element-2dd353e elementor-section-boxed elementor-section-height-default elementor-section-height-default\" data-id=\"2dd353e\" data-element_type=\"section\">\n\t\t\t\t\t\t<div class=\"elementor-container elementor-column-gap-default\">\n\t\t\t\t\t\t\t<div class=\"elementor-row\">\n\t\t\t\t\t<div class=\"elementor-column elementor-col-100 elementor-top-column elementor-element elementor-element-d076fa0\" data-id=\"d076fa0\" data-element_type=\"column\">\n\t\t\t<div class=\"elementor-column-wrap elementor-element-populated\">\n\t\t\t\t\t\t\t<div class=\"elementor-widget-wrap\">\n\t\t\t\t\t\t<div class=\"elementor-element elementor-element-c6dfa3d elementor-widget elementor-widget-image\" data-id=\"c6dfa3d\" data-element_type=\"widget\" data-widget_type=\"image.default\">\n\t\t\t\t<div class=\"elementor-widget-container\">\n\t\t\t\t\t<div class=\"elementor-image\">\n\t\t\t\t\t\t\t\t\t\t<img width=\"349\" height=\"46\" src=\"https:\/\/komprestor.pl\/wp-content\/uploads\/2020\/12\/Logo-Mark.jpg\" class=\"attachment-large size-large\" alt=\"\" loading=\"lazy\" srcset=\"https:\/\/komprestor.pl\/wp-content\/uploads\/2020\/12\/Logo-Mark.jpg 349w, https:\/\/komprestor.pl\/wp-content\/uploads\/2020\/12\/Logo-Mark-300x40.jpg 300w\" sizes=\"(max-width: 349px) 100vw, 349px\" \/>\t\t\t\t\t\t\t\t\t\t\t<\/div>\n\t\t\t\t<\/div>\n\t\t\t\t<\/div>\n\t\t\t\t\t\t<\/div>\n\t\t\t\t\t<\/div>\n\t\t<\/div>\n\t\t\t\t\t\t\t\t<\/div>\n\t\t\t\t\t<\/div>\n\t\t<\/section>\n\t\t\t\t<section class=\"elementor-section elementor-top-section elementor-element elementor-element-c115bf0 elementor-section-boxed elementor-section-height-default elementor-section-height-default\" data-id=\"c115bf0\" data-element_type=\"section\">\n\t\t\t\t\t\t<div class=\"elementor-container elementor-column-gap-default\">\n\t\t\t\t\t\t\t<div class=\"elementor-row\">\n\t\t\t\t\t<div class=\"elementor-column elementor-col-50 elementor-top-column elementor-element elementor-element-9082cd1\" data-id=\"9082cd1\" data-element_type=\"column\">\n\t\t\t<div class=\"elementor-column-wrap elementor-element-populated\">\n\t\t\t\t\t\t\t<div class=\"elementor-widget-wrap\">\n\t\t\t\t\t\t<div class=\"elementor-element elementor-element-221ecdd elementor-align-left elementor-widget elementor-widget-button\" data-id=\"221ecdd\" data-element_type=\"widget\" data-widget_type=\"button.default\">\n\t\t\t\t<div class=\"elementor-widget-container\">\n\t\t\t\t\t<div class=\"elementor-button-wrapper\">\n\t\t\t<a href=\"http:\/\/komprestor.pl\/wp-content\/uploads\/2020\/12\/Katalog-uzdatnianie-zbiorczy.pdf\" class=\"elementor-button-link elementor-button elementor-size-xs\" role=\"button\">\n\t\t\t\t\t\t<span class=\"elementor-button-content-wrapper\">\n\t\t\t\t\t\t<span class=\"elementor-button-icon elementor-align-icon-right\">\n\t\t\t\t<i aria-hidden=\"true\" class=\"far fa-hand-lizard\"><\/i>\t\t\t<\/span>\n\t\t\t\t\t\t<span class=\"elementor-button-text\">Pobierz katalog uzdatnianie<\/span>\n\t\t<\/span>\n\t\t\t\t\t<\/a>\n\t\t<\/div>\n\t\t\t\t<\/div>\n\t\t\t\t<\/div>\n\t\t\t\t\t\t<\/div>\n\t\t\t\t\t<\/div>\n\t\t<\/div>\n\t\t\t\t<div class=\"elementor-column elementor-col-50 elementor-top-column elementor-element elementor-element-68169c4\" data-id=\"68169c4\" data-element_type=\"column\">\n\t\t\t<div class=\"elementor-column-wrap elementor-element-populated\">\n\t\t\t\t\t\t\t<div class=\"elementor-widget-wrap\">\n\t\t\t\t\t\t<div class=\"elementor-element elementor-element-cf7d03e elementor-align-right elementor-widget elementor-widget-button\" data-id=\"cf7d03e\" data-element_type=\"widget\" data-widget_type=\"button.default\">\n\t\t\t\t<div class=\"elementor-widget-container\">\n\t\t\t\t\t<div class=\"elementor-button-wrapper\">\n\t\t\t<a href=\"http:\/\/komprestor.pl\/?page_id=2130\" class=\"elementor-button-link elementor-button elementor-size-xs\" role=\"button\">\n\t\t\t\t\t\t<span class=\"elementor-button-content-wrapper\">\n\t\t\t\t\t\t<span class=\"elementor-button-icon elementor-align-icon-right\">\n\t\t\t\t<i aria-hidden=\"true\" class=\"far fa-share-square\"><\/i>\t\t\t<\/span>\n\t\t\t\t\t\t<span class=\"elementor-button-text\">Zapytaj o produkt<\/span>\n\t\t<\/span>\n\t\t\t\t\t<\/a>\n\t\t<\/div>\n\t\t\t\t<\/div>\n\t\t\t\t<\/div>\n\t\t\t\t\t\t<\/div>\n\t\t\t\t\t<\/div>\n\t\t<\/div>\n\t\t\t\t\t\t\t\t<\/div>\n\t\t\t\t\t<\/div>\n\t\t<\/section>\n\t\t\t\t<section class=\"elementor-section elementor-top-section elementor-element elementor-element-c812a4f elementor-section-boxed elementor-section-height-default elementor-section-height-default\" data-id=\"c812a4f\" data-element_type=\"section\">\n\t\t\t\t\t\t<div class=\"elementor-container elementor-column-gap-default\">\n\t\t\t\t\t\t\t<div class=\"elementor-row\">\n\t\t\t\t\t<div class=\"elementor-column elementor-col-100 elementor-top-column elementor-element elementor-element-838879a\" data-id=\"838879a\" data-element_type=\"column\">\n\t\t\t<div class=\"elementor-column-wrap elementor-element-populated\">\n\t\t\t\t\t\t\t<div class=\"elementor-widget-wrap\">\n\t\t\t\t\t\t<div class=\"elementor-element elementor-element-42f5f39 elementor-align-left elementor-widget elementor-widget-button\" data-id=\"42f5f39\" data-element_type=\"widget\" data-widget_type=\"button.default\">\n\t\t\t\t<div class=\"elementor-widget-container\">\n\t\t\t\t\t<div class=\"elementor-button-wrapper\">\n\t\t\t<a href=\"http:\/\/komprestor.pl\/wp-content\/uploads\/2020\/12\/Osuszacze-adsorbcyjne-2017.pdf\" class=\"elementor-button-link elementor-button elementor-size-xs\" role=\"button\">\n\t\t\t\t\t\t<span class=\"elementor-button-content-wrapper\">\n\t\t\t\t\t\t<span class=\"elementor-button-icon elementor-align-icon-right\">\n\t\t\t\t<i aria-hidden=\"true\" class=\"far fa-hand-lizard\"><\/i>\t\t\t<\/span>\n\t\t\t\t\t\t<span class=\"elementor-button-text\">Pobierz katalog osuszacze adsorbcyjne<\/span>\n\t\t<\/span>\n\t\t\t\t\t<\/a>\n\t\t<\/div>\n\t\t\t\t<\/div>\n\t\t\t\t<\/div>\n\t\t\t\t\t\t<\/div>\n\t\t\t\t\t<\/div>\n\t\t<\/div>\n\t\t\t\t\t\t\t\t<\/div>\n\t\t\t\t\t<\/div>\n\t\t<\/section>\n\t\t\t\t<section class=\"elementor-section elementor-top-section elementor-element elementor-element-9be6cff elementor-section-boxed elementor-section-height-default elementor-section-height-default\" data-id=\"9be6cff\" data-element_type=\"section\">\n\t\t\t\t\t\t<div class=\"elementor-container elementor-column-gap-default\">\n\t\t\t\t\t\t\t<div class=\"elementor-row\">\n\t\t\t\t\t<div class=\"elementor-column elementor-col-50 elementor-top-column elementor-element elementor-element-07d73b0\" data-id=\"07d73b0\" data-element_type=\"column\">\n\t\t\t<div class=\"elementor-column-wrap elementor-element-populated\">\n\t\t\t\t\t\t\t<div class=\"elementor-widget-wrap\">\n\t\t\t\t\t\t<div class=\"elementor-element elementor-element-539d4f4 elementor-widget elementor-widget-image\" data-id=\"539d4f4\" data-element_type=\"widget\" data-widget_type=\"image.default\">\n\t\t\t\t<div class=\"elementor-widget-container\">\n\t\t\t\t\t<div class=\"elementor-image\">\n\t\t\t\t\t\t\t\t\t\t<img width=\"878\" height=\"693\" src=\"https:\/\/komprestor.pl\/wp-content\/uploads\/2020\/12\/Osuszacze-ads.mix-3.jpg\" class=\"attachment-large size-large\" alt=\"\" loading=\"lazy\" srcset=\"https:\/\/komprestor.pl\/wp-content\/uploads\/2020\/12\/Osuszacze-ads.mix-3.jpg 878w, https:\/\/komprestor.pl\/wp-content\/uploads\/2020\/12\/Osuszacze-ads.mix-3-300x237.jpg 300w, https:\/\/komprestor.pl\/wp-content\/uploads\/2020\/12\/Osuszacze-ads.mix-3-768x606.jpg 768w, https:\/\/komprestor.pl\/wp-content\/uploads\/2020\/12\/Osuszacze-ads.mix-3-570x450.jpg 570w, https:\/\/komprestor.pl\/wp-content\/uploads\/2020\/12\/Osuszacze-ads.mix-3-600x474.jpg 600w\" sizes=\"(max-width: 878px) 100vw, 878px\" \/>\t\t\t\t\t\t\t\t\t\t\t<\/div>\n\t\t\t\t<\/div>\n\t\t\t\t<\/div>\n\t\t\t\t\t\t<\/div>\n\t\t\t\t\t<\/div>\n\t\t<\/div>\n\t\t\t\t<div class=\"elementor-column elementor-col-50 elementor-top-column elementor-element elementor-element-bb39cdb\" data-id=\"bb39cdb\" data-element_type=\"column\">\n\t\t\t<div class=\"elementor-column-wrap elementor-element-populated\">\n\t\t\t\t\t\t\t<div class=\"elementor-widget-wrap\">\n\t\t\t\t\t\t<div class=\"elementor-element elementor-element-4e9dd2f elementor-widget elementor-widget-text-editor\" data-id=\"4e9dd2f\" data-element_type=\"widget\" data-widget_type=\"text-editor.default\">\n\t\t\t\t<div class=\"elementor-widget-container\">\n\t\t\t\t\t<div class=\"elementor-text-editor elementor-clearfix\"><p>Obecnie, spr\u0119\u017cone powietrze jest podstawowym i niezb\u0119dnym \u017ar\u00f3d\u0142em energii dla wi\u0119kszo\u015bci proces\u00f3w produkcyjnych, zar\u00f3wno w niewielkich zak\u0142adach jak i olbrzymich fabrykach. Zwyk\u0142a filtracja spr\u0119\u017conego powietrza ju\u017c nie wystarcza. Nowoczesne zak\u0142ady produkcyjne wymagaj\u0105 wyj\u0105tkowo czystego powietrza z nisk\u0105 zawarto\u015bci\u0105 pary wodnej. Utrzymywanie punktu rosy spr\u0119\u017conego powietrza na odpowiednio niskim poziomie zapewnia prawid\u0142ow\u0105 jako\u015b\u0107 w procesie produkcyjnym.<\/p>\n<p>Spr\u0119\u017carka kt\u00f3ra pracuje w temperaturze\u00a020 \u00b0C\u00a0i wilgotno\u015bci wzgl\u0119dnej 70%, pobiera\u00a012 g\u00a0wody na ka\u017cdy 1Nm3 powietrza. Spr\u0119\u017cone powietrze zostaje sch\u0142odzone do\u00a030 \u00b0C, a skropliny zostaj\u0105 dseparowane. Mimo tego, w powietrzu pozostaje\u00a02,8 g\u00a0wody na ka\u017cdy m3 w postaci pary. W przypadku nag\u0142ego rozpr\u0119\u017cania powietrza w urz\u0105dzeniu pneumatycznym, jego temperatura mo\u017ce spa\u015b\u0107 poni\u017cej punktu rosy. Je\u017celi temperatura spadnie poni\u017cej punktu rosy, nast\u0119puje dalsze skraplanie i powstawanie kondensatu.<\/p>\n<p>Proces ch\u0142odzenia uniemo\u017cliwia otrzymanie temperatury poni\u017cej\u00a00 \u00b0C\u00a0(zamarzanie wody). Jednak\u017ce niekt\u00f3re zastosowania lub warunki wymagaj\u0105 temperatur\u0119 punktu rosy poni\u017cej\u00a00 \u00b0C. Jedynie osuszacze adsorpcyjne mog\u0105 spe\u0142ni\u0107 te wymagania, gdy\u017c separacja pary wodnej odbywa si\u0119 BEZ obni\u017cania temperatury spr\u0119\u017conego powietrza.<\/p>\n<p><!-- \/wp:paragraph --><!-- wp:paragraph --><\/p>\n<p>\u00a0<\/p><\/div>\n\t\t\t\t<\/div>\n\t\t\t\t<\/div>\n\t\t\t\t\t\t<\/div>\n\t\t\t\t\t<\/div>\n\t\t<\/div>\n\t\t\t\t\t\t\t\t<\/div>\n\t\t\t\t\t<\/div>\n\t\t<\/section>\n\t\t\t\t<section class=\"elementor-section elementor-top-section elementor-element elementor-element-aa4f767 elementor-section-boxed elementor-section-height-default elementor-section-height-default\" data-id=\"aa4f767\" data-element_type=\"section\">\n\t\t\t\t\t\t<div class=\"elementor-container elementor-column-gap-default\">\n\t\t\t\t\t\t\t<div class=\"elementor-row\">\n\t\t\t\t\t<div class=\"elementor-column elementor-col-100 elementor-top-column elementor-element elementor-element-1ee92be\" data-id=\"1ee92be\" data-element_type=\"column\">\n\t\t\t<div class=\"elementor-column-wrap elementor-element-populated\">\n\t\t\t\t\t\t\t<div class=\"elementor-widget-wrap\">\n\t\t\t\t\t\t<div class=\"elementor-element elementor-element-4d6b68e elementor-widget elementor-widget-text-editor\" data-id=\"4d6b68e\" data-element_type=\"widget\" data-widget_type=\"text-editor.default\">\n\t\t\t\t<div class=\"elementor-widget-container\">\n\t\t\t\t\t<div class=\"elementor-text-editor elementor-clearfix\"><p>Nawet, gdy istnieje mo\u017cliwo\u015b\u0107 odseparowania i odprowadzenia kondensatu, wilgo\u0107 w postaci pary w\u0119druje wraz ze spr\u0119\u017conym powietrzem do sieci. Podczas dalszego och\u0142adzania ta cz\u0119\u015b\u0107 wilgoci obecna w spr\u0119\u017conym powietrzu skrapla si\u0119, powoduj\u0105c szkody w instalacji, w urz\u0105dzeniu wykorzystuj\u0105cym spr\u0119\u017cone powietrze oraz ma niekorzystny wp\u0142yw na jako\u015b\u0107 produktu ko\u0144cowego.Osuszacze adsorpcyjne MARK ADS eliminuj\u0105 par\u0119 wodn\u0105, kt\u00f3ra mo\u017ce skropli\u0107 si\u0119 w systemie spr\u0119\u017conego powietrza i powodowa\u0107 uszkodzenia. Dzia\u0142aj\u0105 one na zasadzie adsorpcji pary wodnej przez specjalny materia\u0142 adsorpcyjny. Poch\u0142ania on i usuwa (w fazie regeneracji) wilgo\u0107 ze spr\u0119\u017conego powietrza. W osuszaczach tego typu mo\u017cna uzyska\u0107 powietrze o ci\u015bnieniowym punkcie rosy &#8211; 40\u00b0C (opcjonalnie &#8211; 70\u00b0C). Tego typu osuszacze powinny by\u0107 stosowane wsz\u0119dzie tam, gdzie sie\u0107 spr\u0119\u017conego powietrza jest poddawana temperaturom otoczenia poni\u017cej 0\u00b0C. Zastosowanie osuszaczy zi\u0119bniczych nie zabezpiecza przed ryzykiem wykroplenia si\u0119 i zamarzni\u0119cia wilgoci. Seria ADS jest zazwyczaj u\u017cywana w przemy\u015ble chemicznym, spo\u017cywczym i farmaceutycznym oraz wsz\u0119dzie tam, gdzie wymagany jest wysoki stopie\u0144 osuszenia.<\/p><\/div>\n\t\t\t\t<\/div>\n\t\t\t\t<\/div>\n\t\t\t\t\t\t<\/div>\n\t\t\t\t\t<\/div>\n\t\t<\/div>\n\t\t\t\t\t\t\t\t<\/div>\n\t\t\t\t\t<\/div>\n\t\t<\/section>\n\t\t\t\t<section class=\"elementor-section elementor-top-section elementor-element elementor-element-66cc90e elementor-section-boxed elementor-section-height-default elementor-section-height-default\" data-id=\"66cc90e\" data-element_type=\"section\">\n\t\t\t\t\t\t<div class=\"elementor-container elementor-column-gap-default\">\n\t\t\t\t\t\t\t<div class=\"elementor-row\">\n\t\t\t\t\t<div class=\"elementor-column elementor-col-100 elementor-top-column elementor-element elementor-element-7fd85de\" data-id=\"7fd85de\" data-element_type=\"column\">\n\t\t\t<div class=\"elementor-column-wrap elementor-element-populated\">\n\t\t\t\t\t\t\t<div class=\"elementor-widget-wrap\">\n\t\t\t\t\t\t<div class=\"elementor-element elementor-element-86af002 elementor-widget elementor-widget-image\" data-id=\"86af002\" data-element_type=\"widget\" data-widget_type=\"image.default\">\n\t\t\t\t<div class=\"elementor-widget-container\">\n\t\t\t\t\t<div class=\"elementor-image\">\n\t\t\t\t\t\t\t\t\t\t<img width=\"724\" height=\"1024\" src=\"https:\/\/komprestor.pl\/wp-content\/uploads\/2020\/12\/Osuszacze-ads.-tabelka-724x1024.jpg\" class=\"attachment-large size-large\" alt=\"\" loading=\"lazy\" srcset=\"https:\/\/komprestor.pl\/wp-content\/uploads\/2020\/12\/Osuszacze-ads.-tabelka-724x1024.jpg 724w, https:\/\/komprestor.pl\/wp-content\/uploads\/2020\/12\/Osuszacze-ads.-tabelka-212x300.jpg 212w, https:\/\/komprestor.pl\/wp-content\/uploads\/2020\/12\/Osuszacze-ads.-tabelka-768x1086.jpg 768w, https:\/\/komprestor.pl\/wp-content\/uploads\/2020\/12\/Osuszacze-ads.-tabelka-1086x1536.jpg 1086w, https:\/\/komprestor.pl\/wp-content\/uploads\/2020\/12\/Osuszacze-ads.-tabelka-1448x2048.jpg 1448w, https:\/\/komprestor.pl\/wp-content\/uploads\/2020\/12\/Osuszacze-ads.-tabelka-600x848.jpg 600w, https:\/\/komprestor.pl\/wp-content\/uploads\/2020\/12\/Osuszacze-ads.-tabelka-scaled.jpg 1811w\" sizes=\"(max-width: 724px) 100vw, 724px\" \/>\t\t\t\t\t\t\t\t\t\t\t<\/div>\n\t\t\t\t<\/div>\n\t\t\t\t<\/div>\n\t\t\t\t\t\t<\/div>\n\t\t\t\t\t<\/div>\n\t\t<\/div>\n\t\t\t\t\t\t\t\t<\/div>\n\t\t\t\t\t<\/div>\n\t\t<\/section>\n\t\t\t\t\t\t<\/div>\n\t\t\t\t\t\t<\/div>\n\t\t\t\t\t<\/div>\n\t\t","protected":false},"excerpt":{"rendered":"<p>Pobierz katalog uzdatnianie Zapytaj o produkt Pobierz katalog osuszacze adsorbcyjne Obecnie, spr\u0119\u017cone powietrze jest podstawowym i niezb\u0119dnym \u017ar\u00f3d\u0142em energii dla wi\u0119kszo\u015bci proces\u00f3w produkcyjnych, zar\u00f3wno w niewielkich zak\u0142adach jak i olbrzymich fabrykach. Zwyk\u0142a filtracja spr\u0119\u017conego powietrza ju\u017c nie wystarcza. Nowoczesne zak\u0142ady produkcyjne wymagaj\u0105 wyj\u0105tkowo czystego powietrza z nisk\u0105 zawarto\u015bci\u0105 pary wodnej. Utrzymywanie punktu rosy spr\u0119\u017conego powietrza [&hellip;]<\/p>\n","protected":false},"author":1,"featured_media":0,"parent":0,"menu_order":0,"comment_status":"closed","ping_status":"closed","template":"","meta":[],"_links":{"self":[{"href":"https:\/\/komprestor.pl\/index.php?rest_route=\/wp\/v2\/pages\/2496"}],"collection":[{"href":"https:\/\/komprestor.pl\/index.php?rest_route=\/wp\/v2\/pages"}],"about":[{"href":"https:\/\/komprestor.pl\/index.php?rest_route=\/wp\/v2\/types\/page"}],"author":[{"embeddable":true,"href":"https:\/\/komprestor.pl\/index.php?rest_route=\/wp\/v2\/users\/1"}],"replies":[{"embeddable":true,"href":"https:\/\/komprestor.pl\/index.php?rest_route=%2Fwp%2Fv2%2Fcomments&post=2496"}],"version-history":[{"count":43,"href":"https:\/\/komprestor.pl\/index.php?rest_route=\/wp\/v2\/pages\/2496\/revisions"}],"predecessor-version":[{"id":4346,"href":"https:\/\/komprestor.pl\/index.php?rest_route=\/wp\/v2\/pages\/2496\/revisions\/4346"}],"wp:attachment":[{"href":"https:\/\/komprestor.pl\/index.php?rest_route=%2Fwp%2Fv2%2Fmedia&parent=2496"}],"curies":[{"name":"wp","href":"https:\/\/api.w.org\/{rel}","templated":true}]}}