{"id":2482,"date":"2020-12-02T07:25:40","date_gmt":"2020-12-02T06:25:40","guid":{"rendered":"http:\/\/entro.pl\/wordpress_008\/?page_id=2482"},"modified":"2020-12-17T23:36:28","modified_gmt":"2020-12-17T22:36:28","slug":"osuszacze-ziembnicze","status":"publish","type":"page","link":"https:\/\/komprestor.pl\/?page_id=2482","title":{"rendered":"OSUSZACZE ZIEMBNICZE"},"content":{"rendered":"\t\t<div data-elementor-type=\"wp-page\" data-elementor-id=\"2482\" class=\"elementor elementor-2482\" data-elementor-settings=\"[]\">\n\t\t\t\t\t\t<div class=\"elementor-inner\">\n\t\t\t\t\t\t\t<div class=\"elementor-section-wrap\">\n\t\t\t\t\t\t\t<section class=\"elementor-section elementor-top-section elementor-element elementor-element-dcd2012 elementor-section-boxed elementor-section-height-default elementor-section-height-default\" data-id=\"dcd2012\" data-element_type=\"section\">\n\t\t\t\t\t\t<div class=\"elementor-container elementor-column-gap-default\">\n\t\t\t\t\t\t\t<div class=\"elementor-row\">\n\t\t\t\t\t<div class=\"elementor-column elementor-col-100 elementor-top-column elementor-element elementor-element-1c06e32\" data-id=\"1c06e32\" data-element_type=\"column\">\n\t\t\t<div class=\"elementor-column-wrap elementor-element-populated\">\n\t\t\t\t\t\t\t<div class=\"elementor-widget-wrap\">\n\t\t\t\t\t\t<div class=\"elementor-element elementor-element-58e0dfd elementor-widget elementor-widget-image\" data-id=\"58e0dfd\" data-element_type=\"widget\" data-widget_type=\"image.default\">\n\t\t\t\t<div class=\"elementor-widget-container\">\n\t\t\t\t\t<div class=\"elementor-image\">\n\t\t\t\t\t\t\t\t\t\t<img width=\"349\" height=\"46\" src=\"https:\/\/komprestor.pl\/wp-content\/uploads\/2020\/12\/Logo-Mark.jpg\" class=\"attachment-large size-large\" alt=\"\" loading=\"lazy\" srcset=\"https:\/\/komprestor.pl\/wp-content\/uploads\/2020\/12\/Logo-Mark.jpg 349w, https:\/\/komprestor.pl\/wp-content\/uploads\/2020\/12\/Logo-Mark-300x40.jpg 300w\" sizes=\"(max-width: 349px) 100vw, 349px\" \/>\t\t\t\t\t\t\t\t\t\t\t<\/div>\n\t\t\t\t<\/div>\n\t\t\t\t<\/div>\n\t\t\t\t\t\t<\/div>\n\t\t\t\t\t<\/div>\n\t\t<\/div>\n\t\t\t\t\t\t\t\t<\/div>\n\t\t\t\t\t<\/div>\n\t\t<\/section>\n\t\t\t\t<section class=\"elementor-section elementor-top-section elementor-element elementor-element-25a0ac3 elementor-section-boxed elementor-section-height-default elementor-section-height-default\" data-id=\"25a0ac3\" data-element_type=\"section\">\n\t\t\t\t\t\t<div class=\"elementor-container elementor-column-gap-default\">\n\t\t\t\t\t\t\t<div class=\"elementor-row\">\n\t\t\t\t\t<div class=\"elementor-column elementor-col-50 elementor-top-column elementor-element elementor-element-a3f3565\" data-id=\"a3f3565\" data-element_type=\"column\">\n\t\t\t<div class=\"elementor-column-wrap elementor-element-populated\">\n\t\t\t\t\t\t\t<div class=\"elementor-widget-wrap\">\n\t\t\t\t\t\t<div class=\"elementor-element elementor-element-d04c68c elementor-align-left elementor-widget elementor-widget-button\" data-id=\"d04c68c\" data-element_type=\"widget\" data-widget_type=\"button.default\">\n\t\t\t\t<div class=\"elementor-widget-container\">\n\t\t\t\t\t<div class=\"elementor-button-wrapper\">\n\t\t\t<a href=\"http:\/\/komprestor.pl\/wp-content\/uploads\/2020\/12\/Katalog-MDX-Filtry-Osuszacze.pdf\" class=\"elementor-button-link elementor-button elementor-size-xs\" role=\"button\">\n\t\t\t\t\t\t<span class=\"elementor-button-content-wrapper\">\n\t\t\t\t\t\t<span class=\"elementor-button-icon elementor-align-icon-right\">\n\t\t\t\t<i aria-hidden=\"true\" class=\"far fa-hand-lizard\"><\/i>\t\t\t<\/span>\n\t\t\t\t\t\t<span class=\"elementor-button-text\">Pobierz katalog Osuszacze MDX Filtry...<\/span>\n\t\t<\/span>\n\t\t\t\t\t<\/a>\n\t\t<\/div>\n\t\t\t\t<\/div>\n\t\t\t\t<\/div>\n\t\t\t\t\t\t<\/div>\n\t\t\t\t\t<\/div>\n\t\t<\/div>\n\t\t\t\t<div class=\"elementor-column elementor-col-50 elementor-top-column elementor-element elementor-element-18d9a60\" data-id=\"18d9a60\" data-element_type=\"column\">\n\t\t\t<div class=\"elementor-column-wrap elementor-element-populated\">\n\t\t\t\t\t\t\t<div class=\"elementor-widget-wrap\">\n\t\t\t\t\t\t<div class=\"elementor-element elementor-element-e2ebb1b elementor-align-right elementor-widget elementor-widget-button\" data-id=\"e2ebb1b\" data-element_type=\"widget\" data-widget_type=\"button.default\">\n\t\t\t\t<div class=\"elementor-widget-container\">\n\t\t\t\t\t<div class=\"elementor-button-wrapper\">\n\t\t\t<a href=\"http:\/\/komprestor.pl\/?page_id=2130\" class=\"elementor-button-link elementor-button elementor-size-xs\" role=\"button\">\n\t\t\t\t\t\t<span class=\"elementor-button-content-wrapper\">\n\t\t\t\t\t\t<span class=\"elementor-button-icon elementor-align-icon-right\">\n\t\t\t\t<i aria-hidden=\"true\" class=\"far fa-share-square\"><\/i>\t\t\t<\/span>\n\t\t\t\t\t\t<span class=\"elementor-button-text\">Zapytaj o produkt<\/span>\n\t\t<\/span>\n\t\t\t\t\t<\/a>\n\t\t<\/div>\n\t\t\t\t<\/div>\n\t\t\t\t<\/div>\n\t\t\t\t\t\t<\/div>\n\t\t\t\t\t<\/div>\n\t\t<\/div>\n\t\t\t\t\t\t\t\t<\/div>\n\t\t\t\t\t<\/div>\n\t\t<\/section>\n\t\t\t\t<section class=\"elementor-section elementor-top-section elementor-element elementor-element-fcf96b7 elementor-section-boxed elementor-section-height-default elementor-section-height-default\" data-id=\"fcf96b7\" data-element_type=\"section\">\n\t\t\t\t\t\t<div class=\"elementor-container elementor-column-gap-default\">\n\t\t\t\t\t\t\t<div class=\"elementor-row\">\n\t\t\t\t\t<div class=\"elementor-column elementor-col-100 elementor-top-column elementor-element elementor-element-f8566b2\" data-id=\"f8566b2\" data-element_type=\"column\">\n\t\t\t<div class=\"elementor-column-wrap elementor-element-populated\">\n\t\t\t\t\t\t\t<div class=\"elementor-widget-wrap\">\n\t\t\t\t\t\t<div class=\"elementor-element elementor-element-00475ad elementor-widget elementor-widget-heading\" data-id=\"00475ad\" data-element_type=\"widget\" data-widget_type=\"heading.default\">\n\t\t\t\t<div class=\"elementor-widget-container\">\n\t\t\t<h1 class=\"elementor-heading-title elementor-size-default\">Osuszacze zi\u0119mbnicze seria MDX<\/h1>\t\t<\/div>\n\t\t\t\t<\/div>\n\t\t\t\t\t\t<\/div>\n\t\t\t\t\t<\/div>\n\t\t<\/div>\n\t\t\t\t\t\t\t\t<\/div>\n\t\t\t\t\t<\/div>\n\t\t<\/section>\n\t\t\t\t<section class=\"elementor-section elementor-top-section elementor-element elementor-element-b04e787 elementor-section-boxed elementor-section-height-default elementor-section-height-default\" data-id=\"b04e787\" data-element_type=\"section\">\n\t\t\t\t\t\t<div class=\"elementor-container elementor-column-gap-default\">\n\t\t\t\t\t\t\t<div class=\"elementor-row\">\n\t\t\t\t\t<div class=\"elementor-column elementor-col-100 elementor-top-column elementor-element elementor-element-e37e187\" data-id=\"e37e187\" data-element_type=\"column\">\n\t\t\t<div class=\"elementor-column-wrap elementor-element-populated\">\n\t\t\t\t\t\t\t<div class=\"elementor-widget-wrap\">\n\t\t\t\t\t\t<div class=\"elementor-element elementor-element-0186771 elementor-widget elementor-widget-image\" data-id=\"0186771\" data-element_type=\"widget\" data-widget_type=\"image.default\">\n\t\t\t\t<div class=\"elementor-widget-container\">\n\t\t\t\t\t<div class=\"elementor-image\">\n\t\t\t\t\t\t\t\t\t\t<img width=\"1024\" height=\"379\" src=\"https:\/\/komprestor.pl\/wp-content\/uploads\/2020\/12\/MDX-mix-1024x379.jpg\" class=\"attachment-large size-large\" alt=\"\" loading=\"lazy\" srcset=\"https:\/\/komprestor.pl\/wp-content\/uploads\/2020\/12\/MDX-mix-1024x379.jpg 1024w, https:\/\/komprestor.pl\/wp-content\/uploads\/2020\/12\/MDX-mix-300x111.jpg 300w, https:\/\/komprestor.pl\/wp-content\/uploads\/2020\/12\/MDX-mix-768x284.jpg 768w, https:\/\/komprestor.pl\/wp-content\/uploads\/2020\/12\/MDX-mix-600x222.jpg 600w, https:\/\/komprestor.pl\/wp-content\/uploads\/2020\/12\/MDX-mix.jpg 1376w\" sizes=\"(max-width: 1024px) 100vw, 1024px\" \/>\t\t\t\t\t\t\t\t\t\t\t<\/div>\n\t\t\t\t<\/div>\n\t\t\t\t<\/div>\n\t\t\t\t\t\t<\/div>\n\t\t\t\t\t<\/div>\n\t\t<\/div>\n\t\t\t\t\t\t\t\t<\/div>\n\t\t\t\t\t<\/div>\n\t\t<\/section>\n\t\t\t\t<section class=\"elementor-section elementor-top-section elementor-element elementor-element-ffe5b8f elementor-section-boxed elementor-section-height-default elementor-section-height-default\" data-id=\"ffe5b8f\" data-element_type=\"section\">\n\t\t\t\t\t\t<div class=\"elementor-container elementor-column-gap-default\">\n\t\t\t\t\t\t\t<div class=\"elementor-row\">\n\t\t\t\t\t<div class=\"elementor-column elementor-col-100 elementor-top-column elementor-element elementor-element-54a766a\" data-id=\"54a766a\" data-element_type=\"column\">\n\t\t\t<div class=\"elementor-column-wrap elementor-element-populated\">\n\t\t\t\t\t\t\t<div class=\"elementor-widget-wrap\">\n\t\t\t\t\t\t<div class=\"elementor-element elementor-element-54b547f elementor-widget elementor-widget-text-editor\" data-id=\"54b547f\" data-element_type=\"widget\" data-widget_type=\"text-editor.default\">\n\t\t\t\t<div class=\"elementor-widget-container\">\n\t\t\t\t\t<div class=\"elementor-text-editor elementor-clearfix\"><p>Powietrze wlotowe spr\u0119\u017carki zawiera wilgo\u0107 i zanieczyszczenia takie jak kurz, olej itp. Podczas kompresji te zanieczyszczenia osi\u0105gn\u0105\u0107 wysokie st\u0119\u017cenie. Mo\u017ce to powodowa\u0107 szybsze zu\u017cycie i korozj\u0119 urz\u0105dze\u0144 zasilanych spr\u0119\u017conym powietrzem oraz zmniejszenie ich wydajno\u015bci. W konsekwencji mo\u017ce dochodzi\u0107 do przerw w cyklu produkcyjnym i strat tym spowodowanym. Sch\u0142adzaj\u0105c spr\u0119\u017cone powietrze, osuszacz ch\u0142odniczy usuwa do 95% wody. Nasza oferta MDX zapewnia wysokiej jako\u015bci suche powietrze, zwi\u0119kszaj\u0105ce wydajno\u015b\u0107 i produktywno\u015b\u0107, jak r\u00f3wnie\u017c \u017cywotno\u015b\u0107 sprz\u0119tu i narz\u0119dzi.<\/p><\/div>\n\t\t\t\t<\/div>\n\t\t\t\t<\/div>\n\t\t\t\t\t\t<\/div>\n\t\t\t\t\t<\/div>\n\t\t<\/div>\n\t\t\t\t\t\t\t\t<\/div>\n\t\t\t\t\t<\/div>\n\t\t<\/section>\n\t\t\t\t<section class=\"elementor-section elementor-top-section elementor-element elementor-element-91318d9 elementor-section-boxed elementor-section-height-default elementor-section-height-default\" data-id=\"91318d9\" data-element_type=\"section\">\n\t\t\t\t\t\t<div class=\"elementor-container elementor-column-gap-default\">\n\t\t\t\t\t\t\t<div class=\"elementor-row\">\n\t\t\t\t\t<div class=\"elementor-column elementor-col-100 elementor-top-column elementor-element elementor-element-578c75e\" data-id=\"578c75e\" data-element_type=\"column\">\n\t\t\t<div class=\"elementor-column-wrap elementor-element-populated\">\n\t\t\t\t\t\t\t<div class=\"elementor-widget-wrap\">\n\t\t\t\t\t\t<div class=\"elementor-element elementor-element-cc1e535 elementor-widget elementor-widget-text-editor\" data-id=\"cc1e535\" data-element_type=\"widget\" data-widget_type=\"text-editor.default\">\n\t\t\t\t<div class=\"elementor-widget-container\">\n\t\t\t\t\t<div class=\"elementor-text-editor elementor-clearfix\"><p><strong>Korzy\u015bci z czystego i suchego powietrza:<\/strong><\/p>\n<p>\u2022 Lepsza jako\u015b\u0107 produktu ko\u0144cowego<\/p>\n<p>\u2022 Spr\u0119\u017cone powietrze jest ch\u0142odzone przez gaz ch\u0142odniczy, w wyniku czego kondensuje si\u0119 wilgo\u0107, co pozwala na jej \u0142atwe usuni\u0119cie<\/p>\n<p>\u2022 Ochrona sieci przed korozj\u0105 i nieszczelno\u015bci\u0105.<\/p>\n<p>\u2022 Zmniejszenie ryzyka przestoju powodowanego awariami maszyn pozwala na zwi\u0119kszenie efektywno\u015bci procesu produkcyjnego<\/p><\/div>\n\t\t\t\t<\/div>\n\t\t\t\t<\/div>\n\t\t\t\t\t\t<\/div>\n\t\t\t\t\t<\/div>\n\t\t<\/div>\n\t\t\t\t\t\t\t\t<\/div>\n\t\t\t\t\t<\/div>\n\t\t<\/section>\n\t\t\t\t<section class=\"elementor-section elementor-top-section elementor-element elementor-element-9ec1634 elementor-section-boxed elementor-section-height-default elementor-section-height-default\" data-id=\"9ec1634\" data-element_type=\"section\">\n\t\t\t\t\t\t<div class=\"elementor-container elementor-column-gap-default\">\n\t\t\t\t\t\t\t<div class=\"elementor-row\">\n\t\t\t\t\t<div class=\"elementor-column elementor-col-100 elementor-top-column elementor-element elementor-element-7b0fc0f\" data-id=\"7b0fc0f\" data-element_type=\"column\">\n\t\t\t<div class=\"elementor-column-wrap elementor-element-populated\">\n\t\t\t\t\t\t\t<div class=\"elementor-widget-wrap\">\n\t\t\t\t\t\t<div class=\"elementor-element elementor-element-b0c9f6a elementor-widget elementor-widget-image-gallery\" data-id=\"b0c9f6a\" data-element_type=\"widget\" data-widget_type=\"image-gallery.default\">\n\t\t\t\t<div class=\"elementor-widget-container\">\n\t\t\t\t\t<div class=\"elementor-image-gallery\">\n\t\t\t<div id='gallery-1' class='gallery galleryid-2482 gallery-columns-2 gallery-size-medium'><figure class='gallery-item'>\n\t\t\t<div class='gallery-icon landscape'>\n\t\t\t\t<a data-elementor-open-lightbox=\"no\" href='https:\/\/komprestor.pl\/wp-content\/uploads\/2020\/12\/MDX-panel-sterowania.jpg'><img width=\"300\" height=\"132\" src=\"https:\/\/komprestor.pl\/wp-content\/uploads\/2020\/12\/MDX-panel-sterowania-300x132.jpg\" class=\"attachment-medium size-medium\" alt=\"\" loading=\"lazy\" srcset=\"https:\/\/komprestor.pl\/wp-content\/uploads\/2020\/12\/MDX-panel-sterowania-300x132.jpg 300w, https:\/\/komprestor.pl\/wp-content\/uploads\/2020\/12\/MDX-panel-sterowania-1024x450.jpg 1024w, https:\/\/komprestor.pl\/wp-content\/uploads\/2020\/12\/MDX-panel-sterowania-768x338.jpg 768w, https:\/\/komprestor.pl\/wp-content\/uploads\/2020\/12\/MDX-panel-sterowania-600x264.jpg 600w, https:\/\/komprestor.pl\/wp-content\/uploads\/2020\/12\/MDX-panel-sterowania.jpg 1323w\" sizes=\"(max-width: 300px) 100vw, 300px\" \/><\/a>\n\t\t\t<\/div><\/figure><figure class='gallery-item'>\n\t\t\t<div class='gallery-icon landscape'>\n\t\t\t\t<a data-elementor-open-lightbox=\"no no\" href='https:\/\/komprestor.pl\/wp-content\/uploads\/2020\/12\/MDX-panel-sterowania-2.jpg'><img width=\"300\" height=\"162\" src=\"https:\/\/komprestor.pl\/wp-content\/uploads\/2020\/12\/MDX-panel-sterowania-2-300x162.jpg\" class=\"attachment-medium size-medium\" alt=\"\" loading=\"lazy\" srcset=\"https:\/\/komprestor.pl\/wp-content\/uploads\/2020\/12\/MDX-panel-sterowania-2-300x162.jpg 300w, https:\/\/komprestor.pl\/wp-content\/uploads\/2020\/12\/MDX-panel-sterowania-2-1024x553.jpg 1024w, https:\/\/komprestor.pl\/wp-content\/uploads\/2020\/12\/MDX-panel-sterowania-2-768x415.jpg 768w, https:\/\/komprestor.pl\/wp-content\/uploads\/2020\/12\/MDX-panel-sterowania-2-600x324.jpg 600w, https:\/\/komprestor.pl\/wp-content\/uploads\/2020\/12\/MDX-panel-sterowania-2.jpg 1367w\" sizes=\"(max-width: 300px) 100vw, 300px\" \/><\/a>\n\t\t\t<\/div><\/figure>\n\t\t<\/div>\n\t\t<\/div>\n\t\t\t\t<\/div>\n\t\t\t\t<\/div>\n\t\t\t\t\t\t<\/div>\n\t\t\t\t\t<\/div>\n\t\t<\/div>\n\t\t\t\t\t\t\t\t<\/div>\n\t\t\t\t\t<\/div>\n\t\t<\/section>\n\t\t\t\t<section class=\"elementor-section elementor-top-section elementor-element elementor-element-feb1fee elementor-section-boxed elementor-section-height-default elementor-section-height-default\" data-id=\"feb1fee\" data-element_type=\"section\">\n\t\t\t\t\t\t<div class=\"elementor-container elementor-column-gap-default\">\n\t\t\t\t\t\t\t<div class=\"elementor-row\">\n\t\t\t\t\t<div class=\"elementor-column elementor-col-100 elementor-top-column elementor-element elementor-element-0bb8b65\" data-id=\"0bb8b65\" data-element_type=\"column\">\n\t\t\t<div class=\"elementor-column-wrap elementor-element-populated\">\n\t\t\t\t\t\t\t<div class=\"elementor-widget-wrap\">\n\t\t\t\t\t\t<div class=\"elementor-element elementor-element-9cdb0e9 elementor-widget elementor-widget-image\" data-id=\"9cdb0e9\" data-element_type=\"widget\" data-widget_type=\"image.default\">\n\t\t\t\t<div class=\"elementor-widget-container\">\n\t\t\t\t\t<div class=\"elementor-image\">\n\t\t\t\t\t\t\t\t\t\t<img width=\"725\" height=\"1024\" src=\"https:\/\/komprestor.pl\/wp-content\/uploads\/2020\/12\/MDX-dane-tech.-725x1024.jpg\" class=\"attachment-large size-large\" alt=\"\" loading=\"lazy\" srcset=\"https:\/\/komprestor.pl\/wp-content\/uploads\/2020\/12\/MDX-dane-tech.-725x1024.jpg 725w, https:\/\/komprestor.pl\/wp-content\/uploads\/2020\/12\/MDX-dane-tech.-212x300.jpg 212w, https:\/\/komprestor.pl\/wp-content\/uploads\/2020\/12\/MDX-dane-tech.-768x1084.jpg 768w, https:\/\/komprestor.pl\/wp-content\/uploads\/2020\/12\/MDX-dane-tech.-1088x1536.jpg 1088w, https:\/\/komprestor.pl\/wp-content\/uploads\/2020\/12\/MDX-dane-tech.-1450x2048.jpg 1450w, https:\/\/komprestor.pl\/wp-content\/uploads\/2020\/12\/MDX-dane-tech.-600x847.jpg 600w, https:\/\/komprestor.pl\/wp-content\/uploads\/2020\/12\/MDX-dane-tech.-scaled.jpg 1813w\" sizes=\"(max-width: 725px) 100vw, 725px\" \/>\t\t\t\t\t\t\t\t\t\t\t<\/div>\n\t\t\t\t<\/div>\n\t\t\t\t<\/div>\n\t\t\t\t\t\t<\/div>\n\t\t\t\t\t<\/div>\n\t\t<\/div>\n\t\t\t\t\t\t\t\t<\/div>\n\t\t\t\t\t<\/div>\n\t\t<\/section>\n\t\t\t\t\t\t<\/div>\n\t\t\t\t\t\t<\/div>\n\t\t\t\t\t<\/div>\n\t\t","protected":false},"excerpt":{"rendered":"<p>Pobierz katalog Osuszacze MDX Filtry&#8230; Zapytaj o produkt Osuszacze zi\u0119mbnicze seria MDX Powietrze wlotowe spr\u0119\u017carki zawiera wilgo\u0107 i zanieczyszczenia takie jak kurz, olej itp. Podczas kompresji te zanieczyszczenia osi\u0105gn\u0105\u0107 wysokie st\u0119\u017cenie. Mo\u017ce to powodowa\u0107 szybsze zu\u017cycie i korozj\u0119 urz\u0105dze\u0144 zasilanych spr\u0119\u017conym powietrzem oraz zmniejszenie ich wydajno\u015bci. W konsekwencji mo\u017ce dochodzi\u0107 do przerw w cyklu produkcyjnym [&hellip;]<\/p>\n","protected":false},"author":1,"featured_media":0,"parent":0,"menu_order":0,"comment_status":"closed","ping_status":"closed","template":"","meta":[],"_links":{"self":[{"href":"https:\/\/komprestor.pl\/index.php?rest_route=\/wp\/v2\/pages\/2482"}],"collection":[{"href":"https:\/\/komprestor.pl\/index.php?rest_route=\/wp\/v2\/pages"}],"about":[{"href":"https:\/\/komprestor.pl\/index.php?rest_route=\/wp\/v2\/types\/page"}],"author":[{"embeddable":true,"href":"https:\/\/komprestor.pl\/index.php?rest_route=\/wp\/v2\/users\/1"}],"replies":[{"embeddable":true,"href":"https:\/\/komprestor.pl\/index.php?rest_route=%2Fwp%2Fv2%2Fcomments&post=2482"}],"version-history":[{"count":71,"href":"https:\/\/komprestor.pl\/index.php?rest_route=\/wp\/v2\/pages\/2482\/revisions"}],"predecessor-version":[{"id":4294,"href":"https:\/\/komprestor.pl\/index.php?rest_route=\/wp\/v2\/pages\/2482\/revisions\/4294"}],"wp:attachment":[{"href":"https:\/\/komprestor.pl\/index.php?rest_route=%2Fwp%2Fv2%2Fmedia&parent=2482"}],"curies":[{"name":"wp","href":"https:\/\/api.w.org\/{rel}","templated":true}]}}