{"id":2267,"date":"2020-11-30T08:11:51","date_gmt":"2020-11-30T07:11:51","guid":{"rendered":"http:\/\/entro.pl\/wordpress_008\/?page_id=2267"},"modified":"2020-12-03T14:57:09","modified_gmt":"2020-12-03T13:57:09","slug":"nowosci-promocje","status":"publish","type":"page","link":"https:\/\/komprestor.pl\/?page_id=2267","title":{"rendered":"NOWO\u015aCI\/PROMOCJE"},"content":{"rendered":"\t\t<div data-elementor-type=\"wp-page\" data-elementor-id=\"2267\" class=\"elementor elementor-2267\" data-elementor-settings=\"[]\">\n\t\t\t\t\t\t<div class=\"elementor-inner\">\n\t\t\t\t\t\t\t<div class=\"elementor-section-wrap\">\n\t\t\t\t\t\t\t<section class=\"elementor-section elementor-top-section elementor-element elementor-element-7b682c81 elementor-section-boxed elementor-section-height-default elementor-section-height-default\" data-id=\"7b682c81\" data-element_type=\"section\">\n\t\t\t\t\t\t<div class=\"elementor-container elementor-column-gap-default\">\n\t\t\t\t\t\t\t<div class=\"elementor-row\">\n\t\t\t\t\t<div class=\"elementor-column elementor-col-100 elementor-top-column elementor-element elementor-element-7e4dc993\" data-id=\"7e4dc993\" data-element_type=\"column\">\n\t\t\t<div class=\"elementor-column-wrap elementor-element-populated\">\n\t\t\t\t\t\t\t<div class=\"elementor-widget-wrap\">\n\t\t\t\t\t\t<div class=\"elementor-element elementor-element-160abea1 elementor-widget elementor-widget-text-editor\" data-id=\"160abea1\" data-element_type=\"widget\" data-widget_type=\"text-editor.default\">\n\t\t\t\t<div class=\"elementor-widget-container\">\n\t\t\t\t\t<div class=\"elementor-text-editor elementor-clearfix\"><p><!-- wp:image {\"id\":2399,\"width\":239,\"height\":34,\"sizeSlug\":\"large\"} --><\/p>\n<figure class=\"wp-block-image size-large is-resized\"><img loading=\"lazy\" class=\"wp-image-2399\" src=\"http:\/\/entro.pl\/wordpress_008\/wp-content\/uploads\/2020\/12\/48.jpg\" alt=\"\" width=\"239\" height=\"34\" \/><\/figure>\n<p><!-- \/wp:image --><\/p>\n<p><!-- wp:paragraph {\"align\":\"left\"} --><\/p>\n<p class=\"has-text-align-left\">Spr\u0119\u017cone powietrze to nap\u0119d zak\u0142adu przemys\u0142owego. A zatem dob\u00f3r w\u0142a\u015bciwej spr\u0119\u017carki jest niezmiernie wa\u017cny. Wyb\u00f3r jednego z naszych modeli RMA IVR, wysokiej klasy olejowych spr\u0119\u017carek \u015brubowych to w\u0142a\u015bciwe rozwi\u0105zanie. Niezawodne zasilanie w spr\u0119\u017cone powietrze i efektywno\u015b\u0107 tych spr\u0119\u017carek to jest to, czego potrzebuje ka\u017cda firma.<\/p>\n<p><!-- \/wp:paragraph --><\/p>\n<p><!-- wp:paragraph --><\/p>\n<p>Nowa RMA IVR w spos\u00f3b ci\u0105g\u0142y \u015bledzi zapotrzebowanie na spr\u0119\u017cone powietrze i dopasowuje swoj\u0105 wydajno\u015b\u0107 poprzez automatyczn\u0105 regulacj\u0119 pr\u0119dko\u015bci obrotowej. Po\u0142\u0105czenie innowacyjnego rozwi\u0105zania z bezpo\u015brednim nap\u0119dem skutkuje oszcz\u0119dno\u015bci\u0105 energii rz\u0119du 35 % i znacznie zmniejsza ca\u0142kowite koszty eksploatacji spr\u0119\u017carki nawet o 25 %.<\/p>\n<p><!-- \/wp:paragraph --><\/p>\n<p><!-- wp:image {\"id\":2268,\"sizeSlug\":\"large\"} --><\/p>\n<figure class=\"wp-block-image size-large\"><img loading=\"lazy\" width=\"640\" height=\"264\" class=\"wp-image-2268\" src=\"http:\/\/entro.pl\/wordpress_008\/wp-content\/uploads\/2020\/11\/164.jpg\" alt=\"\" srcset=\"https:\/\/komprestor.pl\/wp-content\/uploads\/2020\/11\/164.jpg 640w, https:\/\/komprestor.pl\/wp-content\/uploads\/2020\/11\/164-300x124.jpg 300w, https:\/\/komprestor.pl\/wp-content\/uploads\/2020\/11\/164-600x248.jpg 600w\" sizes=\"(max-width: 640px) 100vw, 640px\" \/><\/figure>\n<p><!-- \/wp:image --><\/p>\n<p><!-- wp:paragraph --><\/p>\n<p><strong>Korzy\u015bci:<\/strong><\/p>\n<p><!-- \/wp:paragraph --><\/p>\n<p><!-- wp:paragraph --><\/p>\n<p><strong>Prosta instalacja<\/strong><\/p>\n<p><!-- \/wp:paragraph --><\/p>\n<p><!-- wp:paragraph --><\/p>\n<p>&#8211; Kompaktowa zabudowa:<\/p>\n<p><!-- \/wp:paragraph --><\/p>\n<p><!-- wp:paragraph --><\/p>\n<p>&#8211; Nabudowane na zbiorniku<\/p>\n<p><!-- \/wp:paragraph --><\/p>\n<p><!-- wp:paragraph --><\/p>\n<p>&#8211; Zintegrowany osuszacz z zespo\u0142em filtra wst\u0119pnego i dok\u0142adnego<\/p>\n<p><!-- \/wp:paragraph --><\/p>\n<p><!-- wp:paragraph --><\/p>\n<p>\u00a0 \u2022 bardzo niski poziom ha\u0142asu<\/p>\n<p><!-- \/wp:paragraph --><\/p>\n<p><!-- wp:paragraph --><\/p>\n<p>\u00a0 \u2022 \u0142atwa instalacja urz\u0105dzenia blisko punktu poboru powietrza<\/p>\n<p><!-- \/wp:paragraph --><\/p>\n<p><!-- wp:paragraph --><\/p>\n<p>\u00a0 \u2022 innowacyjna konstrukcja<\/p>\n<p><!-- \/wp:paragraph --><\/p>\n<p><!-- wp:paragraph --><\/p>\n<p>&#8211; Jako\u015b\u0107 spr\u0119\u017conego powietrza mo\u017cna poprawi\u0107 cyklonowym separatorem wody<\/p>\n<p><!-- \/wp:paragraph --><\/p>\n<p><!-- wp:paragraph --><\/p>\n<p>\u00a0&#8211; Prosty i w pe\u0142ni bezpieczny transport (opakowanie transportowe &#8211; drewniana skrzynia)<\/p>\n<p><!-- \/wp:paragraph --><\/p>\n<p><!-- wp:paragraph --><\/p>\n<p>\u00a0&#8211; Brak konieczno\u015bci fundamentowania<\/p>\n<p><!-- \/wp:paragraph --><\/p>\n<p><!-- wp:paragraph --><\/p>\n<p><strong>Solidna jako\u015b\u0107, w<\/strong><strong>ysokiej klasy komponenty:<\/strong><\/p>\n<p><!-- \/wp:paragraph --><\/p>\n<p><!-- wp:paragraph --><\/p>\n<p>&#8211; Niezawodny uk\u0142ad przeniesienia nap\u0119du, gwarantuj\u0105cy cich\u0105 i niezawodn\u0105 prac\u0119 urz\u0105dzenia<\/p>\n<p><!-- \/wp:paragraph --><\/p>\n<p><!-- wp:paragraph --><\/p>\n<p>&#8211; Wysoko wydajna ch\u0142odnica powietrzno &#8211; olejowa, doskona\u0142a filtracja i system ch\u0142odzenia gwarantuj\u0105 mniejsze napr\u0119\u017cenia termiczne i d\u0142u\u017cszy czas \u017cycia urz\u0105dzenia<\/p>\n<p><!-- \/wp:paragraph --><\/p>\n<p><!-- wp:paragraph --><\/p>\n<p>&#8211; Zabezpieczenie przed przeci\u0105\u017ceniem<\/p>\n<p><!-- \/wp:paragraph --><\/p>\n<p><!-- wp:paragraph --><\/p>\n<p>&#8211; W pe\u0142ni automatyczne sterowanie &#8211; Niezawodny silnik przystosowany do pracy ci\u0105g\u0142ej<\/p>\n<p><!-- \/wp:paragraph --><\/p>\n<p><!-- wp:paragraph --><\/p>\n<p>Prosta obs\u0142uga serwisowa<\/p>\n<p><!-- \/wp:paragraph --><\/p>\n<p><!-- wp:paragraph --><\/p>\n<p>&#8211; Wszystkie punkty serwisowe dost\u0119pne s\u0105 od frontu<\/p>\n<p><!-- \/wp:paragraph --><\/p>\n<p><!-- wp:paragraph --><\/p>\n<p>&#8211; \u0141atwe czyszczenie ch\u0142odnicy, wymiana filtra oleju, separatora czy filtra powietrza<\/p>\n<p><!-- \/wp:paragraph --><\/p>\n<p><!-- wp:paragraph --><\/p>\n<p>&#8211; Wziernik sprawdzania poziomu oleju widoczny od frontu<\/p>\n<p><!-- \/wp:paragraph --><\/p>\n<p><!-- wp:paragraph --><\/p>\n<p>&#8211; U\u0142atwiona diagnostyka dzi\u0119ki zdejmowalnym panelom i czytelnemu sterownikowi<\/p>\n<p><!-- \/wp:paragraph --><\/p>\n<p><!-- wp:paragraph --><\/p>\n<p>&#8211; Serwis i czyszczenie mo\u017ce by\u0107 wykonane przez jedn\u0105 osob\u0119\u00a0<\/p>\n<p><!-- \/wp:paragraph --><\/p>\n<p><!-- wp:gallery {\"ids\":[2616,2615,2614,2617,2612,2618]} --><\/p>\n<figure class=\"wp-block-gallery columns-3 is-cropped\">\n<ul class=\"blocks-gallery-grid\">\n<li class=\"blocks-gallery-item\">\u00a0<\/li>\n<li class=\"blocks-gallery-item\">\n<figure><br \/><br \/><\/figure>\n<\/li>\n<\/ul>\n<\/figure>\n<p><!-- \/wp:gallery --><\/p><\/div>\n\t\t\t\t<\/div>\n\t\t\t\t<\/div>\n\t\t\t\t\t\t<\/div>\n\t\t\t\t\t<\/div>\n\t\t<\/div>\n\t\t\t\t\t\t\t\t<\/div>\n\t\t\t\t\t<\/div>\n\t\t<\/section>\n\t\t\t\t<section class=\"elementor-section elementor-top-section elementor-element elementor-element-31dc267 elementor-section-boxed elementor-section-height-default elementor-section-height-default\" data-id=\"31dc267\" data-element_type=\"section\">\n\t\t\t\t\t\t<div class=\"elementor-container elementor-column-gap-default\">\n\t\t\t\t\t\t\t<div class=\"elementor-row\">\n\t\t\t\t\t<div class=\"elementor-column elementor-col-100 elementor-top-column elementor-element elementor-element-cb4d410\" data-id=\"cb4d410\" data-element_type=\"column\">\n\t\t\t<div class=\"elementor-column-wrap elementor-element-populated\">\n\t\t\t\t\t\t\t<div class=\"elementor-widget-wrap\">\n\t\t\t\t\t\t<div class=\"elementor-element elementor-element-2aabdd3 elementor-widget elementor-widget-image-gallery\" data-id=\"2aabdd3\" data-element_type=\"widget\" data-widget_type=\"image-gallery.default\">\n\t\t\t\t<div class=\"elementor-widget-container\">\n\t\t\t\t\t<div class=\"elementor-image-gallery\">\n\t\t\t<div id='gallery-1' class='gallery galleryid-2267 gallery-columns-3 gallery-size-kava-thumb-s-2'><figure class='gallery-item'>\n\t\t\t<div class='gallery-icon portrait'>\n\t\t\t\t<a data-elementor-open-lightbox=\"yes\" data-elementor-lightbox-slideshow=\"2aabdd3\" data-elementor-lightbox-title=\"RMA - zestaw - i\" href='https:\/\/komprestor.pl\/wp-content\/uploads\/2020\/12\/RMA-zestaw-i.jpg'><img width=\"230\" height=\"230\" src=\"https:\/\/komprestor.pl\/wp-content\/uploads\/2020\/12\/RMA-zestaw-i-230x230.jpg\" class=\"attachment-kava-thumb-s-2 size-kava-thumb-s-2\" alt=\"\" loading=\"lazy\" srcset=\"https:\/\/komprestor.pl\/wp-content\/uploads\/2020\/12\/RMA-zestaw-i-230x230.jpg 230w, https:\/\/komprestor.pl\/wp-content\/uploads\/2020\/12\/RMA-zestaw-i-150x150.jpg 150w, https:\/\/komprestor.pl\/wp-content\/uploads\/2020\/12\/RMA-zestaw-i-400x400.jpg 400w, https:\/\/komprestor.pl\/wp-content\/uploads\/2020\/12\/RMA-zestaw-i-640x640.jpg 640w\" sizes=\"(max-width: 230px) 100vw, 230px\" \/><\/a>\n\t\t\t<\/div><\/figure><figure class='gallery-item'>\n\t\t\t<div class='gallery-icon portrait'>\n\t\t\t\t<a data-elementor-open-lightbox=\"yes\" data-elementor-lightbox-slideshow=\"2aabdd3\" data-elementor-lightbox-title=\"RMA - zdjecia z mopisem - i\" href='https:\/\/komprestor.pl\/wp-content\/uploads\/2020\/12\/RMA-zdjecia-z-mopisem-i.jpg'><img width=\"230\" height=\"230\" src=\"https:\/\/komprestor.pl\/wp-content\/uploads\/2020\/12\/RMA-zdjecia-z-mopisem-i-230x230.jpg\" class=\"attachment-kava-thumb-s-2 size-kava-thumb-s-2\" alt=\"\" loading=\"lazy\" srcset=\"https:\/\/komprestor.pl\/wp-content\/uploads\/2020\/12\/RMA-zdjecia-z-mopisem-i-230x230.jpg 230w, https:\/\/komprestor.pl\/wp-content\/uploads\/2020\/12\/RMA-zdjecia-z-mopisem-i-150x150.jpg 150w, https:\/\/komprestor.pl\/wp-content\/uploads\/2020\/12\/RMA-zdjecia-z-mopisem-i-400x400.jpg 400w, https:\/\/komprestor.pl\/wp-content\/uploads\/2020\/12\/RMA-zdjecia-z-mopisem-i-640x640.jpg 640w\" sizes=\"(max-width: 230px) 100vw, 230px\" \/><\/a>\n\t\t\t<\/div><\/figure><figure class='gallery-item'>\n\t\t\t<div class='gallery-icon landscape'>\n\t\t\t\t<a data-elementor-open-lightbox=\"yes\" data-elementor-lightbox-slideshow=\"2aabdd3\" data-elementor-lightbox-title=\"RMA - na zbiorniku + osuszacz + filtry\" href='https:\/\/komprestor.pl\/wp-content\/uploads\/2020\/12\/RMA-na-zbiorniku-osuszacz-filtry.jpg'><img width=\"230\" height=\"230\" src=\"https:\/\/komprestor.pl\/wp-content\/uploads\/2020\/12\/RMA-na-zbiorniku-osuszacz-filtry-230x230.jpg\" class=\"attachment-kava-thumb-s-2 size-kava-thumb-s-2\" alt=\"\" loading=\"lazy\" srcset=\"https:\/\/komprestor.pl\/wp-content\/uploads\/2020\/12\/RMA-na-zbiorniku-osuszacz-filtry-230x230.jpg 230w, https:\/\/komprestor.pl\/wp-content\/uploads\/2020\/12\/RMA-na-zbiorniku-osuszacz-filtry-300x300.jpg 300w, https:\/\/komprestor.pl\/wp-content\/uploads\/2020\/12\/RMA-na-zbiorniku-osuszacz-filtry-150x150.jpg 150w, https:\/\/komprestor.pl\/wp-content\/uploads\/2020\/12\/RMA-na-zbiorniku-osuszacz-filtry-768x765.jpg 768w, https:\/\/komprestor.pl\/wp-content\/uploads\/2020\/12\/RMA-na-zbiorniku-osuszacz-filtry-400x400.jpg 400w, https:\/\/komprestor.pl\/wp-content\/uploads\/2020\/12\/RMA-na-zbiorniku-osuszacz-filtry-600x598.jpg 600w, https:\/\/komprestor.pl\/wp-content\/uploads\/2020\/12\/RMA-na-zbiorniku-osuszacz-filtry-640x640.jpg 640w, https:\/\/komprestor.pl\/wp-content\/uploads\/2020\/12\/RMA-na-zbiorniku-osuszacz-filtry.jpg 1020w\" sizes=\"(max-width: 230px) 100vw, 230px\" \/><\/a>\n\t\t\t<\/div><\/figure><figure class='gallery-item'>\n\t\t\t<div class='gallery-icon landscape'>\n\t\t\t\t<a data-elementor-open-lightbox=\"yes\" data-elementor-lightbox-slideshow=\"2aabdd3\" data-elementor-lightbox-title=\"RMA koszty eksploatacji - i\" href='https:\/\/komprestor.pl\/wp-content\/uploads\/2020\/12\/RMA-koszty-eksploatacji-i.jpg'><img width=\"230\" height=\"230\" src=\"https:\/\/komprestor.pl\/wp-content\/uploads\/2020\/12\/RMA-koszty-eksploatacji-i-230x230.jpg\" class=\"attachment-kava-thumb-s-2 size-kava-thumb-s-2\" alt=\"\" loading=\"lazy\" srcset=\"https:\/\/komprestor.pl\/wp-content\/uploads\/2020\/12\/RMA-koszty-eksploatacji-i-230x230.jpg 230w, https:\/\/komprestor.pl\/wp-content\/uploads\/2020\/12\/RMA-koszty-eksploatacji-i-150x150.jpg 150w\" sizes=\"(max-width: 230px) 100vw, 230px\" \/><\/a>\n\t\t\t<\/div><\/figure><figure class='gallery-item'>\n\t\t\t<div class='gallery-icon landscape'>\n\t\t\t\t<a data-elementor-open-lightbox=\"yes\" data-elementor-lightbox-slideshow=\"2aabdd3\" data-elementor-lightbox-title=\"Dane techniczne - tabelka - i\" href='https:\/\/komprestor.pl\/wp-content\/uploads\/2020\/12\/Dane-techniczne-tabelka-i.jpg'><img width=\"230\" height=\"230\" src=\"https:\/\/komprestor.pl\/wp-content\/uploads\/2020\/12\/Dane-techniczne-tabelka-i-230x230.jpg\" class=\"attachment-kava-thumb-s-2 size-kava-thumb-s-2\" alt=\"\" loading=\"lazy\" srcset=\"https:\/\/komprestor.pl\/wp-content\/uploads\/2020\/12\/Dane-techniczne-tabelka-i-230x230.jpg 230w, https:\/\/komprestor.pl\/wp-content\/uploads\/2020\/12\/Dane-techniczne-tabelka-i-150x150.jpg 150w, https:\/\/komprestor.pl\/wp-content\/uploads\/2020\/12\/Dane-techniczne-tabelka-i-400x400.jpg 400w\" sizes=\"(max-width: 230px) 100vw, 230px\" \/><\/a>\n\t\t\t<\/div><\/figure><figure class='gallery-item'>\n\t\t\t<div class='gallery-icon landscape'>\n\t\t\t\t<a data-elementor-open-lightbox=\"yes\" data-elementor-lightbox-slideshow=\"2aabdd3\" data-elementor-lightbox-title=\"RMA silnik\" href='https:\/\/komprestor.pl\/wp-content\/uploads\/2020\/12\/RMA-silnik.jpg'><img width=\"230\" height=\"230\" src=\"https:\/\/komprestor.pl\/wp-content\/uploads\/2020\/12\/RMA-silnik-230x230.jpg\" class=\"attachment-kava-thumb-s-2 size-kava-thumb-s-2\" alt=\"\" loading=\"lazy\" srcset=\"https:\/\/komprestor.pl\/wp-content\/uploads\/2020\/12\/RMA-silnik-230x230.jpg 230w, https:\/\/komprestor.pl\/wp-content\/uploads\/2020\/12\/RMA-silnik-150x150.jpg 150w, https:\/\/komprestor.pl\/wp-content\/uploads\/2020\/12\/RMA-silnik-400x400.jpg 400w\" sizes=\"(max-width: 230px) 100vw, 230px\" \/><\/a>\n\t\t\t<\/div><\/figure>\n\t\t<\/div>\n\t\t<\/div>\n\t\t\t\t<\/div>\n\t\t\t\t<\/div>\n\t\t\t\t\t\t<\/div>\n\t\t\t\t\t<\/div>\n\t\t<\/div>\n\t\t\t\t\t\t\t\t<\/div>\n\t\t\t\t\t<\/div>\n\t\t<\/section>\n\t\t\t\t\t\t<\/div>\n\t\t\t\t\t\t<\/div>\n\t\t\t\t\t<\/div>\n\t\t","protected":false},"excerpt":{"rendered":"<p>Spr\u0119\u017cone powietrze to nap\u0119d zak\u0142adu przemys\u0142owego. A zatem dob\u00f3r w\u0142a\u015bciwej spr\u0119\u017carki jest niezmiernie wa\u017cny. Wyb\u00f3r jednego z naszych modeli RMA IVR, wysokiej klasy olejowych spr\u0119\u017carek \u015brubowych to w\u0142a\u015bciwe rozwi\u0105zanie. Niezawodne zasilanie w spr\u0119\u017cone powietrze i efektywno\u015b\u0107 tych spr\u0119\u017carek to jest to, czego potrzebuje ka\u017cda firma. Nowa RMA IVR w spos\u00f3b ci\u0105g\u0142y \u015bledzi zapotrzebowanie na spr\u0119\u017cone [&hellip;]<\/p>\n","protected":false},"author":1,"featured_media":0,"parent":0,"menu_order":0,"comment_status":"closed","ping_status":"closed","template":"","meta":[],"_links":{"self":[{"href":"https:\/\/komprestor.pl\/index.php?rest_route=\/wp\/v2\/pages\/2267"}],"collection":[{"href":"https:\/\/komprestor.pl\/index.php?rest_route=\/wp\/v2\/pages"}],"about":[{"href":"https:\/\/komprestor.pl\/index.php?rest_route=\/wp\/v2\/types\/page"}],"author":[{"embeddable":true,"href":"https:\/\/komprestor.pl\/index.php?rest_route=\/wp\/v2\/users\/1"}],"replies":[{"embeddable":true,"href":"https:\/\/komprestor.pl\/index.php?rest_route=%2Fwp%2Fv2%2Fcomments&post=2267"}],"version-history":[{"count":16,"href":"https:\/\/komprestor.pl\/index.php?rest_route=\/wp\/v2\/pages\/2267\/revisions"}],"predecessor-version":[{"id":2634,"href":"https:\/\/komprestor.pl\/index.php?rest_route=\/wp\/v2\/pages\/2267\/revisions\/2634"}],"wp:attachment":[{"href":"https:\/\/komprestor.pl\/index.php?rest_route=%2Fwp%2Fv2%2Fmedia&parent=2267"}],"curies":[{"name":"wp","href":"https:\/\/api.w.org\/{rel}","templated":true}]}}