{"id":3575,"date":"2020-12-14T20:08:28","date_gmt":"2020-12-14T19:08:28","guid":{"rendered":"http:\/\/komprestor.pl\/?page_id=3575"},"modified":"2021-07-26T11:39:54","modified_gmt":"2021-07-26T09:39:54","slug":"pompy-prozniowe","status":"publish","type":"page","link":"http:\/\/komprestor.pl\/?page_id=3575","title":{"rendered":"POMPY PR\u00d3\u017bNIOWE"},"content":{"rendered":"\t\t<div data-elementor-type=\"wp-page\" data-elementor-id=\"3575\" class=\"elementor elementor-3575\" data-elementor-settings=\"[]\">\n\t\t\t\t\t\t<div class=\"elementor-inner\">\n\t\t\t\t\t\t\t<div class=\"elementor-section-wrap\">\n\t\t\t\t\t\t\t<section class=\"elementor-section elementor-top-section elementor-element elementor-element-6c96ae4 elementor-section-boxed elementor-section-height-default elementor-section-height-default\" data-id=\"6c96ae4\" data-element_type=\"section\">\n\t\t\t\t\t\t<div class=\"elementor-container elementor-column-gap-default\">\n\t\t\t\t\t\t\t<div class=\"elementor-row\">\n\t\t\t\t\t<div class=\"elementor-column elementor-col-50 elementor-top-column elementor-element elementor-element-5496a12\" data-id=\"5496a12\" data-element_type=\"column\">\n\t\t\t<div class=\"elementor-column-wrap elementor-element-populated\">\n\t\t\t\t\t\t\t<div class=\"elementor-widget-wrap\">\n\t\t\t\t\t\t<div class=\"elementor-element elementor-element-1985ed3 elementor-widget elementor-widget-image\" data-id=\"1985ed3\" data-element_type=\"widget\" data-widget_type=\"image.default\">\n\t\t\t\t<div class=\"elementor-widget-container\">\n\t\t\t\t\t<div class=\"elementor-image\">\n\t\t\t\t\t\t\t\t\t\t<img width=\"1024\" height=\"906\" src=\"http:\/\/komprestor.pl\/wp-content\/uploads\/2021\/07\/Pompy-mix-3-1024x906.png\" class=\"attachment-large size-large\" alt=\"\" loading=\"lazy\" srcset=\"http:\/\/komprestor.pl\/wp-content\/uploads\/2021\/07\/Pompy-mix-3-1024x906.png 1024w, http:\/\/komprestor.pl\/wp-content\/uploads\/2021\/07\/Pompy-mix-3-300x265.png 300w, http:\/\/komprestor.pl\/wp-content\/uploads\/2021\/07\/Pompy-mix-3-768x680.png 768w, http:\/\/komprestor.pl\/wp-content\/uploads\/2021\/07\/Pompy-mix-3-600x531.png 600w, http:\/\/komprestor.pl\/wp-content\/uploads\/2021\/07\/Pompy-mix-3.png 1434w\" sizes=\"(max-width: 1024px) 100vw, 1024px\" \/>\t\t\t\t\t\t\t\t\t\t\t<\/div>\n\t\t\t\t<\/div>\n\t\t\t\t<\/div>\n\t\t\t\t\t\t<\/div>\n\t\t\t\t\t<\/div>\n\t\t<\/div>\n\t\t\t\t<div class=\"elementor-column elementor-col-50 elementor-top-column elementor-element elementor-element-b4f770c\" data-id=\"b4f770c\" data-element_type=\"column\">\n\t\t\t<div class=\"elementor-column-wrap elementor-element-populated\">\n\t\t\t\t\t\t\t<div class=\"elementor-widget-wrap\">\n\t\t\t\t\t\t<div class=\"elementor-element elementor-element-5b6a475 elementor-widget elementor-widget-text-editor\" data-id=\"5b6a475\" data-element_type=\"widget\" data-widget_type=\"text-editor.default\">\n\t\t\t\t<div class=\"elementor-widget-container\">\n\t\t\t\t\t<div class=\"elementor-text-editor elementor-clearfix\"><h2>Pompy pr\u00f3\u017cniowe \u2013 czym s\u0105?<\/h2><p>Pompy pr\u00f3\u017cniowe to\u00a0urz\u0105dzenia wchodz\u0105ce w\u00a0sk\u0142ad tzw. elektrycznych generator\u00f3w ci\u015bnienia. Charakterystyczne s\u0105 dla nich wysokie wska\u017aniki generowanego podci\u015bnienia, kt\u00f3re uzyskuje si\u0119 w\u00a0instalacjach odznaczaj\u0105cych si\u0119 du\u017c\u0105 obj\u0119to\u015bci\u0105. Warto zaznaczy\u0107, \u017ce\u00a0pompy pr\u00f3\u017cniowe nie\u00a0wymagaj\u0105 du\u017cych nak\u0142ad\u00f3w konserwacyjnych i\u00a0mog\u0105 by\u0107 wykorzystywane jako g\u0142\u00f3wny generator podci\u015bnienia.<\/p><p>Najog\u00f3lniej rzecz ujmuj\u0105c pompy pr\u00f3\u017cniowe dzielimy na\u00a0pompy olejowe i\u00a0suche oraz\u00a0pompy z\u00a0pier\u015bcieniem wodnym. Te pierwsze wytwarzaj\u0105 wysokie warto\u015bci podci\u015bnienia i\u00a0odznaczaj\u0105 si\u0119 wyj\u0105tkowo cich\u0105 prac\u0105. Pompy pr\u00f3\u017cniowe suche wykorzystywane s\u0105 najcz\u0119\u015bciej do\u00a0przenoszenia hermetycznych element\u00f3w roboczych, a\u00a0pompy z\u00a0pier\u015bcieniem wodnym znajduj\u0105 zastosowanie w\u00a0obiektach, dla kt\u00f3rych\u00a0istotne jest zachowanie odpowiedniej jako\u015bci powietrza w\u00a0otoczeniu.<\/p><\/div>\n\t\t\t\t<\/div>\n\t\t\t\t<\/div>\n\t\t\t\t\t\t<\/div>\n\t\t\t\t\t<\/div>\n\t\t<\/div>\n\t\t\t\t\t\t\t\t<\/div>\n\t\t\t\t\t<\/div>\n\t\t<\/section>\n\t\t\t\t<section class=\"elementor-section elementor-top-section elementor-element elementor-element-78620d3 elementor-section-boxed elementor-section-height-default elementor-section-height-default\" data-id=\"78620d3\" data-element_type=\"section\">\n\t\t\t\t\t\t<div class=\"elementor-container elementor-column-gap-default\">\n\t\t\t\t\t\t\t<div class=\"elementor-row\">\n\t\t\t\t\t<div class=\"elementor-column elementor-col-100 elementor-top-column elementor-element elementor-element-2284205\" data-id=\"2284205\" data-element_type=\"column\">\n\t\t\t<div class=\"elementor-column-wrap elementor-element-populated\">\n\t\t\t\t\t\t\t<div class=\"elementor-widget-wrap\">\n\t\t\t\t\t\t<div class=\"elementor-element elementor-element-b55b77c elementor-widget elementor-widget-text-editor\" data-id=\"b55b77c\" data-element_type=\"widget\" data-widget_type=\"text-editor.default\">\n\t\t\t\t<div class=\"elementor-widget-container\">\n\t\t\t\t\t<div class=\"elementor-text-editor elementor-clearfix\"><h2>Dzia\u0142anie pompy pr\u00f3\u017cniowej \u2013 podstawowe informacje<\/h2><p>Pompa pr\u00f3\u017cniowa mo\u017ce pracowa\u0107 z wykorzystaniem rozmaitych zjawisk fizycznych. Mo\u017ce to by\u0107 praca wirnik\u00f3w kieruj\u0105cych powietrze lub gaz do wylotu. \u0141opatki niecentrycznie ustawionego wirnika mog\u0105 w trakcie wykonywania obrot\u00f3w spr\u0119\u017ca\u0107 powietrze, kt\u00f3re z chwil\u0105 osi\u0105gni\u0119cia okre\u015blonego ci\u015bnienia otwiera zaw\u00f3r i wyp\u0142ywa na zewn\u0105trz. Z kolei pompy z pier\u015bcieniem wodnym lub olejowym wykorzystuj\u0105 niewielk\u0105 ilo\u015b\u0107 cieczy do \u201eporywania\u201d cz\u0105steczek i wyprowadzania ich poza okre\u015blon\u0105 przestrze\u0144.<\/p><p>Pompy z t\u0142okiem membranowym powoduj\u0105 nieustann\u0105 zmian\u0119 obj\u0119to\u015bci przestrzeni, przez co dochodzi do zasysania, a nast\u0119pnie spr\u0119\u017cania i wyrzucania z niej powietrza. Pompy \u015brubowe przemieszczaj\u0105 ciecz lub gaz wzd\u0142u\u017c obracaj\u0105cej si\u0119 \u015bruby, przez co na wylocie tworzy si\u0119 podci\u015bnienie.<\/p><\/div>\n\t\t\t\t<\/div>\n\t\t\t\t<\/div>\n\t\t\t\t\t\t<\/div>\n\t\t\t\t\t<\/div>\n\t\t<\/div>\n\t\t\t\t\t\t\t\t<\/div>\n\t\t\t\t\t<\/div>\n\t\t<\/section>\n\t\t\t\t<section class=\"elementor-section elementor-top-section elementor-element elementor-element-5fd7297 elementor-section-boxed elementor-section-height-default elementor-section-height-default\" data-id=\"5fd7297\" data-element_type=\"section\">\n\t\t\t\t\t\t<div class=\"elementor-container elementor-column-gap-default\">\n\t\t\t\t\t\t\t<div class=\"elementor-row\">\n\t\t\t\t\t<div class=\"elementor-column elementor-col-100 elementor-top-column elementor-element elementor-element-50e3ae1\" data-id=\"50e3ae1\" data-element_type=\"column\">\n\t\t\t<div class=\"elementor-column-wrap elementor-element-populated\">\n\t\t\t\t\t\t\t<div class=\"elementor-widget-wrap\">\n\t\t\t\t\t\t<div class=\"elementor-element elementor-element-0ff093b elementor-widget elementor-widget-text-editor\" data-id=\"0ff093b\" data-element_type=\"widget\" data-widget_type=\"text-editor.default\">\n\t\t\t\t<div class=\"elementor-widget-container\">\n\t\t\t\t\t<div class=\"elementor-text-editor elementor-clearfix\"><h3><strong>SYSTEMATYKA POMP PR\u00d3\u017bNIOWYCH<\/strong><\/h3><\/div>\n\t\t\t\t<\/div>\n\t\t\t\t<\/div>\n\t\t\t\t\t\t<\/div>\n\t\t\t\t\t<\/div>\n\t\t<\/div>\n\t\t\t\t\t\t\t\t<\/div>\n\t\t\t\t\t<\/div>\n\t\t<\/section>\n\t\t\t\t<section class=\"elementor-section elementor-top-section elementor-element elementor-element-0a309ae elementor-section-boxed elementor-section-height-default elementor-section-height-default\" data-id=\"0a309ae\" data-element_type=\"section\">\n\t\t\t\t\t\t<div class=\"elementor-container elementor-column-gap-default\">\n\t\t\t\t\t\t\t<div class=\"elementor-row\">\n\t\t\t\t\t<div class=\"elementor-column elementor-col-50 elementor-top-column elementor-element elementor-element-46f0dee\" data-id=\"46f0dee\" data-element_type=\"column\">\n\t\t\t<div class=\"elementor-column-wrap elementor-element-populated\">\n\t\t\t\t\t\t\t<div class=\"elementor-widget-wrap\">\n\t\t\t\t\t\t<div class=\"elementor-element elementor-element-9bdd8c2 elementor-widget elementor-widget-text-editor\" data-id=\"9bdd8c2\" data-element_type=\"widget\" data-widget_type=\"text-editor.default\">\n\t\t\t\t<div class=\"elementor-widget-container\">\n\t\t\t\t\t<div class=\"elementor-text-editor elementor-clearfix\"><ul><li><h3>\u00a0\u0141OPATKOWE<\/h3><p>GVD 0,7 pompa pr\u00f3\u017cniowa \u0142opatkowa mokra Atlas Copco to konstrukcja zapewniaj\u0105ca du\u017c\u0105 wydajno\u015b\u0107.<\/p><h4>Seria GVD<\/h4><p>Seria GVD to dwustopniowe \u0142opatkowe rotacyjne pompy pr\u00f3\u017cniowe uszczelniane olejowo. Zapewniaj\u0105 one doskona\u0142e podci\u015bnienie, du\u017c\u0105 pr\u0119dko\u015b\u0107 t\u0142oczenia i cich\u0105 prac\u0119. Jednocze\u015bnie dobrze sobie radz\u0105 z oparami.<\/p><h4>GVD 0,7 \u2013 28<\/h4><p>Ma\u0142e rotacyjne \u0142opatkowe pompy pr\u00f3\u017cniowe uszczelniane olejowo z serii GVD 0.7-28 zapewniaj\u0105 doskona\u0142e ci\u015bnienie ostateczne pr\u00f3\u017cni, wysok\u0105 pr\u0119dko\u015b\u0107 t\u0142oczenia oraz imponuj\u0105ce mo\u017cliwo\u015bci usuwania pary przy jednoczesnej cichej pracy. Ponad 200 tys. sprzedanych egzemplarzy to dow\u00f3d, \u017ce pompy te charakteryzuj\u0105 si\u0119 niezawodn\u0105 i wydajn\u0105 prac\u0105. Sta\u0142y si\u0119 one standardem w zastosowaniach badawczo-rozwojowych oraz naukowych.<\/p><h4>GVD 40 \u2013 275<\/h4><p>Pompy GVD 40-275 s\u0105 znane z wysokiej warto\u015bci pr\u00f3\u017cni ostatecznej, du\u017cych pr\u0119dko\u015bci t\u0142oczenia, cichej pracy oraz mo\u017cliwo\u015bci usuwania pary wodnej.\u00a0Urz\u0105dzenia te zapewniaj\u0105 znakomite ci\u015bnienie pr\u00f3\u017cni ko\u0144cowej, wysok\u0105 pr\u0119dko\u015b\u0107 t\u0142oczenia, doskona\u0142e w\u0142a\u015bciwo\u015bci w zakresie neutralizacji pary wodnej, a tak\u017ce cich\u0105 prac\u0119.<\/p><p>Opr\u00f3cz cichej pracy pompy te oferuj\u0105 te\u017c szybko dzia\u0142aj\u0105ce zabezpieczenie przed zasysaniem wstecznym, dzi\u0119ki czemu u\u017cytkownik uzyskuje du\u017c\u0105 wydajno\u015b\u0107. 1- i 3-fazowe nap\u0119dy, przystosowane do pracy z r\u00f3\u017cnymi napi\u0119ciami oraz cz\u0119stotliwo\u015bci\u0105 50\/60 Hz, zapewniaj\u0105 elastyczno\u015b\u0107 zastosowa\u0144.<\/p><div class=\"subtitle s-editor c-parsys-divider__item\"><h4 class=\"u-h3 u-mb-beta\">Skuteczne rozwi\u0105zanie pr\u00f3\u017cniowe<\/h4><\/div><div class=\"paragraph s-editor c-parsys-divider__item s-editor--para\"><p>Dwustopniowe rotacyjne \u0142opatkowe pompy pr\u00f3\u017cniowe z nap\u0119dem bezpo\u015brednim i uszczelnieniem olejowym z serii GVD maj\u0105 niewielkie rozmiary i nie generuj\u0105 drga\u0144. Oferuj\u0105 wysok\u0105 pr\u00f3\u017cni\u0119 ko\u0144cow\u0105, du\u017c\u0105 pr\u0119dko\u015b\u0107 t\u0142oczenia, cich\u0105 prac\u0119 i zdolno\u015b\u0107 do przenoszenia pary wodnej<\/p><p class=\"u-h3 u-mb-beta\">GVD 0,7 pompa pr\u00f3\u017cniowa \u0142opatkowa mokra Atlas Copco zapewnia pe\u0142n\u0105 ochron\u0119 operatora, dzi\u0119ki wyposa\u017ceniu w zabezpieczenie wentylatora oraz obudow\u0119 sprz\u0119g\u0142a.<\/p><\/div><\/li><\/ul><\/div>\n\t\t\t\t<\/div>\n\t\t\t\t<\/div>\n\t\t\t\t\t\t<\/div>\n\t\t\t\t\t<\/div>\n\t\t<\/div>\n\t\t\t\t<div class=\"elementor-column elementor-col-50 elementor-top-column elementor-element elementor-element-ca5c896\" data-id=\"ca5c896\" data-element_type=\"column\">\n\t\t\t<div class=\"elementor-column-wrap elementor-element-populated\">\n\t\t\t\t\t\t\t<div class=\"elementor-widget-wrap\">\n\t\t\t\t\t\t<div class=\"elementor-element elementor-element-bde07c5 elementor-widget elementor-widget-image\" data-id=\"bde07c5\" data-element_type=\"widget\" data-widget_type=\"image.default\">\n\t\t\t\t<div class=\"elementor-widget-container\">\n\t\t\t\t\t<div class=\"elementor-image\">\n\t\t\t\t\t\t\t\t\t\t<img width=\"300\" height=\"300\" src=\"http:\/\/komprestor.pl\/wp-content\/uploads\/2021\/07\/Lopatkowa-pompa-prozniowa-mokra-GVD-1.5-Altas-Copco-dwustopniowa-300x300-1.jpeg\" class=\"attachment-large size-large\" alt=\"\" loading=\"lazy\" srcset=\"http:\/\/komprestor.pl\/wp-content\/uploads\/2021\/07\/Lopatkowa-pompa-prozniowa-mokra-GVD-1.5-Altas-Copco-dwustopniowa-300x300-1.jpeg 300w, http:\/\/komprestor.pl\/wp-content\/uploads\/2021\/07\/Lopatkowa-pompa-prozniowa-mokra-GVD-1.5-Altas-Copco-dwustopniowa-300x300-1-150x150.jpeg 150w, http:\/\/komprestor.pl\/wp-content\/uploads\/2021\/07\/Lopatkowa-pompa-prozniowa-mokra-GVD-1.5-Altas-Copco-dwustopniowa-300x300-1-230x230.jpeg 230w\" sizes=\"(max-width: 300px) 100vw, 300px\" \/>\t\t\t\t\t\t\t\t\t\t\t<\/div>\n\t\t\t\t<\/div>\n\t\t\t\t<\/div>\n\t\t\t\t\t\t<\/div>\n\t\t\t\t\t<\/div>\n\t\t<\/div>\n\t\t\t\t\t\t\t\t<\/div>\n\t\t\t\t\t<\/div>\n\t\t<\/section>\n\t\t\t\t<section class=\"elementor-section elementor-top-section elementor-element elementor-element-7648c3d elementor-section-boxed elementor-section-height-default elementor-section-height-default\" data-id=\"7648c3d\" data-element_type=\"section\">\n\t\t\t\t\t\t<div class=\"elementor-container elementor-column-gap-default\">\n\t\t\t\t\t\t\t<div class=\"elementor-row\">\n\t\t\t\t\t<div class=\"elementor-column elementor-col-33 elementor-top-column elementor-element elementor-element-94a85d7\" data-id=\"94a85d7\" data-element_type=\"column\">\n\t\t\t<div class=\"elementor-column-wrap elementor-element-populated\">\n\t\t\t\t\t\t\t<div class=\"elementor-widget-wrap\">\n\t\t\t\t\t\t<div class=\"elementor-element elementor-element-977d7d9 elementor-widget elementor-widget-image\" data-id=\"977d7d9\" data-element_type=\"widget\" data-widget_type=\"image.default\">\n\t\t\t\t<div class=\"elementor-widget-container\">\n\t\t\t\t\t<div class=\"elementor-image\">\n\t\t\t\t\t\t\t\t\t\t<img width=\"1024\" height=\"787\" src=\"http:\/\/komprestor.pl\/wp-content\/uploads\/2021\/07\/Srubowe-pompy-prozniowe-mix-1024x787.jpg\" class=\"attachment-large size-large\" alt=\"\" loading=\"lazy\" srcset=\"http:\/\/komprestor.pl\/wp-content\/uploads\/2021\/07\/Srubowe-pompy-prozniowe-mix-1024x787.jpg 1024w, http:\/\/komprestor.pl\/wp-content\/uploads\/2021\/07\/Srubowe-pompy-prozniowe-mix-300x230.jpg 300w, http:\/\/komprestor.pl\/wp-content\/uploads\/2021\/07\/Srubowe-pompy-prozniowe-mix-768x590.jpg 768w, http:\/\/komprestor.pl\/wp-content\/uploads\/2021\/07\/Srubowe-pompy-prozniowe-mix-600x461.jpg 600w, http:\/\/komprestor.pl\/wp-content\/uploads\/2021\/07\/Srubowe-pompy-prozniowe-mix.jpg 1437w\" sizes=\"(max-width: 1024px) 100vw, 1024px\" \/>\t\t\t\t\t\t\t\t\t\t\t<\/div>\n\t\t\t\t<\/div>\n\t\t\t\t<\/div>\n\t\t\t\t\t\t<\/div>\n\t\t\t\t\t<\/div>\n\t\t<\/div>\n\t\t\t\t<div class=\"elementor-column elementor-col-33 elementor-top-column elementor-element elementor-element-47b8a13\" data-id=\"47b8a13\" data-element_type=\"column\">\n\t\t\t<div class=\"elementor-column-wrap elementor-element-populated\">\n\t\t\t\t\t\t\t<div class=\"elementor-widget-wrap\">\n\t\t\t\t\t\t<div class=\"elementor-element elementor-element-7fa8a9b elementor-widget elementor-widget-text-editor\" data-id=\"7fa8a9b\" data-element_type=\"widget\" data-widget_type=\"text-editor.default\">\n\t\t\t\t<div class=\"elementor-widget-container\">\n\t\t\t\t\t<div class=\"elementor-text-editor elementor-clearfix\"><h3 class=\"product_title entry-title\">GHS 350 \u2013 1900 VSD+ Pr\u00f3\u017cniowe pompy \u015brubowe Atlas Copco<\/h3><p>GHS 350 \u2013 1900 VSD+ Pr\u00f3\u017cniowe pompy \u015brubowe Atlas Copco to seria inteligentnych rotacyjnych \u015brubowych pomp pr\u00f3\u017cniowych z nap\u0119dem o zmiennej pr\u0119dko\u015bci obrotowej (VSD) nowej generacji.<\/p><h4>GHS 350 \u2013 1900 VSD+ Pr\u00f3\u017cniowe pompy \u015brubowe Atlas Copco \u2013 niezawodna do zastosowa\u0144 przemys\u0142owych<\/h4><p>Technologia \u015brubowa firmy Atlas Copco to sprawdzony i powszechnie znany ze swojej niezawodno\u015bci i wydajno\u015bci\u00a0 spos\u00f3b wytwarzania spr\u0119\u017conego powietrza.<\/p><div class=\"artykulik\">To znakomite \u015brubowe pompy pr\u00f3\u017cniowe zaprojektowane w oparciu o do\u015bwiadczenie w budowaniu niezawodnych i gotowych do natychmiastowej pracy spr\u0119\u017carek. W zwi\u0105zku z tym urz\u0105dzenia zapewniaj\u0105 maksymaln\u0105 wydajno\u015b\u0107 przy \u017c\u0105danym ci\u015bnieniu roboczym u\u017cytkownika.<\/div><div>\u00a0<\/div><div class=\"artykulik\">Pompy \u015brubowe GHS dost\u0119pne s\u0105 w dw\u00f3ch wersjach: sta\u0142o-obrotowej GHS i GHS VSD + ze zmienn\u0105 pr\u0119dko\u015bci\u0105 nap\u0119du. Pompy pr\u00f3\u017cniowe \u015brubowe serii GHS 350 \u2013 1900 VSD+ zapewniaj\u0105 szybko\u015b\u0107 pompowania od 390 m3 \/ h do 1800 m3 \/ h. To czyni seri\u0119 GHS idealn\u0105 do zastosowa\u0144 w wielu ga\u0142\u0119ziach przemys\u0142u. Na przyk\u0142ad: w przemy\u015ble elektronicznym, przemy\u015ble tworzyw sztucznych, przemy\u015ble opakowaniowym, przemy\u015ble drzewnym i innych bran\u017cach.<\/div><div>\u00a0<\/div><div class=\"artykulik\">Obydwie serie \u0142\u0105cz\u0105 w sobie zaawansowan\u0105 konstrukcj\u0119 elementu \u015brubowego z wytrzyma\u0142\u0105 i wysoce niezawodn\u0105 technologi\u0105 wtrysku oleju do komory pracy. Efektem jest najwy\u017cszej klasy, wiod\u0105cy na rynku produkt.<\/div><div>\u00a0<\/div><div class=\"artykulik\">\u015arubowe pompy pr\u00f3\u017cniowe przewy\u017cszaj\u0105 wiele innych technologii wytwarzania pr\u00f3\u017cni je\u017celi chodzi o efektywno\u015b\u0107 pracy. Po\u0142\u0105czenie technologii \u015brubowej z przemiennikiem cz\u0119stotliwo\u015bci pozwala zaoszcz\u0119dzi\u0107 nawet do 50% energii elektrycznej w zak\u0142adzie produkcyjnym.<\/div><div>\u00a0<\/div><div class=\"artykulik\">Pompy dostarczane s\u0105 do klienta w stanie gotowym do pracy z zapewnionym pe\u0142nym wsparciem serwisowym i posprzeda\u017cowym.<\/div><\/div>\n\t\t\t\t<\/div>\n\t\t\t\t<\/div>\n\t\t\t\t\t\t<\/div>\n\t\t\t\t\t<\/div>\n\t\t<\/div>\n\t\t\t\t<div class=\"elementor-column elementor-col-33 elementor-top-column elementor-element elementor-element-cfde080\" data-id=\"cfde080\" data-element_type=\"column\">\n\t\t\t<div class=\"elementor-column-wrap elementor-element-populated\">\n\t\t\t\t\t\t\t<div class=\"elementor-widget-wrap\">\n\t\t\t\t\t\t<div class=\"elementor-element elementor-element-83f44d2 elementor-widget elementor-widget-text-editor\" data-id=\"83f44d2\" data-element_type=\"widget\" data-widget_type=\"text-editor.default\">\n\t\t\t\t<div class=\"elementor-widget-container\">\n\t\t\t\t\t<div class=\"elementor-text-editor elementor-clearfix\"><h3 class=\"product_title entry-title\">GHS 3800 \u2013 5400 VSD+ Pr\u00f3\u017cniowe pompy \u015brubowe Atlas Copco<\/h3><p>GHS 3800 \u2013 5400 VSD+ Pr\u00f3\u017cniowe pompy \u015brubowe Atlas Copco to seria inteligentnych rotacyjnych \u015brubowych pomp pr\u00f3\u017cniowych z nap\u0119dem o zmiennej pr\u0119dko\u015bci obrotowej (VSD) nowej generacji.<\/p><h4>GHS 3800 \u2013 5400 VSD+ \u2013 niezawodna do zastosowa\u0144 przemys\u0142owych<\/h4><p>Technologia \u015brubowa firmy Atlas Copco to sprawdzony i powszechnie znany ze swojej niezawodno\u015bci i wydajno\u015bci\u00a0 spos\u00f3b wytwarzania spr\u0119\u017conego powietrza.<\/p><div class=\"artykulik\">To znakomite \u015brubowe pompy pr\u00f3\u017cniowe zaprojektowane w oparciu o do\u015bwiadczenie w budowaniu niezawodnych i gotowych do natychmiastowej pracy spr\u0119\u017carek. W zwi\u0105zku z tym urz\u0105dzenia zapewniaj\u0105 maksymaln\u0105 wydajno\u015b\u0107 przy \u017c\u0105danym ci\u015bnieniu roboczym u\u017cytkownika.<\/div><div>\u00a0<\/div><div class=\"artykulik\">Pompy \u015brubowe GHS dost\u0119pne s\u0105 w dw\u00f3ch wersjach: sta\u0142o-obrotowej GHS i GHS VSD + ze zmienn\u0105 pr\u0119dko\u015bci\u0105 nap\u0119du. Pompy pr\u00f3\u017cniowe \u015brubowe serii GHS 3800 \u2013 5400 VSD+ zapewniaj\u0105 szybko\u015b\u0107 pompowania do 5000 m3 \/ h. To czyni seri\u0119 GHS idealn\u0105 do zastosowa\u0144 w wielu ga\u0142\u0119ziach przemys\u0142u. Na przyk\u0142ad: w przemy\u015ble elektronicznym, przemy\u015ble tworzyw sztucznych, przemy\u015ble opakowaniowym, przemy\u015ble drzewnym i innych bran\u017cach.<\/div><div>\u00a0<\/div><div class=\"artykulik\">Obydwie serie \u0142\u0105cz\u0105 w sobie zaawansowan\u0105 konstrukcj\u0119 elementu \u015brubowego z wytrzyma\u0142\u0105 i wysoce niezawodn\u0105 technologi\u0105 wtrysku oleju do komory pracy. Efektem jest najwy\u017cszej klasy, wiod\u0105cy na rynku produkt.<\/div><div>\u00a0<\/div><div class=\"artykulik\">\u015arubowe pompy pr\u00f3\u017cniowe przewy\u017cszaj\u0105 wiele innych technologii wytwarzania pr\u00f3\u017cni je\u017celi chodzi o efektywno\u015b\u0107 pracy. Po\u0142\u0105czenie technologii \u015brubowej z przemiennikiem cz\u0119stotliwo\u015bci pozwala zaoszcz\u0119dzi\u0107 nawet do 50% energii elektrycznej w zak\u0142adzie produkcyjnym.<\/div><div>\u00a0<\/div><div class=\"artykulik\">Pompy dostarczane s\u0105 do klienta w stanie gotowym do pracy z zapewnionym pe\u0142nym wsparciem serwisowym i posprzeda\u017cowym.<\/div><\/div>\n\t\t\t\t<\/div>\n\t\t\t\t<\/div>\n\t\t\t\t\t\t<\/div>\n\t\t\t\t\t<\/div>\n\t\t<\/div>\n\t\t\t\t\t\t\t\t<\/div>\n\t\t\t\t\t<\/div>\n\t\t<\/section>\n\t\t\t\t\t\t<\/div>\n\t\t\t\t\t\t<\/div>\n\t\t\t\t\t<\/div>\n\t\t","protected":false},"excerpt":{"rendered":"<p>Pompy pr\u00f3\u017cniowe \u2013 czym s\u0105? Pompy pr\u00f3\u017cniowe to\u00a0urz\u0105dzenia wchodz\u0105ce w\u00a0sk\u0142ad tzw. elektrycznych generator\u00f3w ci\u015bnienia. Charakterystyczne s\u0105 dla nich wysokie wska\u017aniki generowanego podci\u015bnienia, kt\u00f3re uzyskuje si\u0119 w\u00a0instalacjach odznaczaj\u0105cych si\u0119 du\u017c\u0105 obj\u0119to\u015bci\u0105. Warto zaznaczy\u0107, \u017ce\u00a0pompy pr\u00f3\u017cniowe nie\u00a0wymagaj\u0105 du\u017cych nak\u0142ad\u00f3w konserwacyjnych i\u00a0mog\u0105 by\u0107 wykorzystywane jako g\u0142\u00f3wny generator podci\u015bnienia. Najog\u00f3lniej rzecz ujmuj\u0105c pompy pr\u00f3\u017cniowe dzielimy na\u00a0pompy olejowe i\u00a0suche oraz\u00a0pompy [&hellip;]<\/p>\n","protected":false},"author":3,"featured_media":0,"parent":0,"menu_order":0,"comment_status":"closed","ping_status":"closed","template":"","meta":[],"_links":{"self":[{"href":"http:\/\/komprestor.pl\/index.php?rest_route=\/wp\/v2\/pages\/3575"}],"collection":[{"href":"http:\/\/komprestor.pl\/index.php?rest_route=\/wp\/v2\/pages"}],"about":[{"href":"http:\/\/komprestor.pl\/index.php?rest_route=\/wp\/v2\/types\/page"}],"author":[{"embeddable":true,"href":"http:\/\/komprestor.pl\/index.php?rest_route=\/wp\/v2\/users\/3"}],"replies":[{"embeddable":true,"href":"http:\/\/komprestor.pl\/index.php?rest_route=%2Fwp%2Fv2%2Fcomments&post=3575"}],"version-history":[{"count":47,"href":"http:\/\/komprestor.pl\/index.php?rest_route=\/wp\/v2\/pages\/3575\/revisions"}],"predecessor-version":[{"id":4515,"href":"http:\/\/komprestor.pl\/index.php?rest_route=\/wp\/v2\/pages\/3575\/revisions\/4515"}],"wp:attachment":[{"href":"http:\/\/komprestor.pl\/index.php?rest_route=%2Fwp%2Fv2%2Fmedia&parent=3575"}],"curies":[{"name":"wp","href":"https:\/\/api.w.org\/{rel}","templated":true}]}}